{"id":5415,"date":"2021-08-06T15:18:11","date_gmt":"2021-08-06T13:18:11","guid":{"rendered":"https:\/\/kcs-europe.com\/?page_id=5415"},"modified":"2022-01-14T12:57:41","modified_gmt":"2022-01-14T11:57:41","slug":"aip-systems-for-special-use","status":"publish","type":"page","link":"https:\/\/kcs-europe.com\/en\/aip-systems-for-special-use\/","title":{"rendered":"AIP\u00ae SYSTEMS FOR SPECIAL USE"},"content":{"rendered":"<div class=\"vc_row wpb_row vc_row-fluid vc_column-gap-15\"><div class=\"wpb_column vc_column_container vc_col-sm-1\/5\"><div class=\"vc_column-inner\"><div class=\"wpb_wrapper\">[ld_button style=&#8221;btn-underlined&#8221; title=&#8221;AIPOCKET\u2122&#8221; link=&#8221;url:https%3A%2F%2Fkcs-europe.com%2Faipocket%2F|title:AIPOCKET%E2%84%A2||&#8221;]<\/div><\/div><\/div><div class=\"wpb_column vc_column_container vc_col-sm-1\/5\"><div class=\"vc_column-inner\"><div class=\"wpb_wrapper\">[ld_button style=&#8221;btn-underlined&#8221; title=&#8221;AIP\u00ae-S SERIES&#8221; link=&#8221;url:https%3A%2F%2Fkcs-europe.com%2Faip-s-series%2F|title:AIP%C2%AE-S%20SERIES||&#8221; css=&#8221;.vc_custom_1642156902738{margin-left: -65px !important;}&#8221;]<\/div><\/div><\/div><div class=\"wpb_column vc_column_container vc_col-sm-1\/5\"><div class=\"vc_column-inner\"><div class=\"wpb_wrapper\">[ld_button style=&#8221;btn-underlined&#8221; title=&#8221;AIP\u00ae SYSTEMS FOR SPECIAL USE&#8221; link=&#8221;url:https%3A%2F%2Fkcs-europe.com%2Faip-systems-for-special-use%2F|title:AIP%C2%AE-S%20SERIES||&#8221; css=&#8221;.vc_custom_1642156917762{margin-left: -110px !important;}&#8221;]<\/div><\/div><\/div><div class=\"wpb_column vc_column_container vc_col-sm-1\/5\"><div class=\"vc_column-inner\"><div class=\"wpb_wrapper\">[ld_button style=&#8221;btn-underlined&#8221; title=&#8221;UBMS\u00ae SERIES FOR DLC&#8221; link=&#8221;url:https%3A%2F%2Fkcs-europe.com%2Fubms-series-for-dlc%2F|title:UBMS%C2%AE%20SERIES%20FOR%20DLC||&#8221; css=&#8221;.vc_custom_1642161448500{margin-left: -20px !important;}&#8221;]<\/div><\/div><\/div><div class=\"wpb_column vc_column_container vc_col-sm-1\/5\"><div class=\"vc_column-inner\"><div class=\"wpb_wrapper\">[ld_button style=&#8221;btn-underlined&#8221; title=&#8221;HYBRID SYSTEM (AIP\u00ae + UBMS\u00ae)&#8221; link=&#8221;url:https%3A%2F%2Fkcs-europe.com%2Fhybrid-system%2F|title:HYBRID%20SYSTEM||&#8221;]<\/div><\/div><\/div><\/div><div class=\"vc_row wpb_row vc_row-fluid vc_column-gap-15\"><div class=\"wpb_column vc_column_container vc_col-sm-12\"><div class=\"vc_column-inner\"><div class=\"wpb_wrapper\">[ld_fancy_heading]<\/p>\n<h1>AIP<sup>\u00ae<\/sup>\u00a0SYSTEMS FOR SPECIAL USE<\/h1>\n<p>[\/ld_fancy_heading]<\/div><\/div><\/div><\/div><div class=\"vc_row wpb_row vc_row-fluid vc_column-gap-15\"><div class=\"wpb_column vc_column_container vc_col-sm-6\"><div class=\"vc_column-inner\"><div class=\"wpb_wrapper\">[ld_images_group_element image=&#8221;5336&#8243; position=&#8221;top_small:100px&#8221;][\/ld_images_group_element]<\/div><\/div><\/div><div class=\"wpb_column vc_column_container vc_col-sm-5 vc_col-lg-4 vc_col-md-5\"><div class=\"vc_column-inner vc_custom_1641206439923\"><div class=\"wpb_wrapper\">[ld_fancy_heading]<\/p>\n<h3>KOBELCO bietet AIP<sup>\u00ae<\/sup>\u00a0-Beschichtungssysteme f\u00fcr die unterschiedlichsten Zwecke an.<\/h3>\n<h5>AIP<sup>\u00ae<\/sup>\u00a0In-Line System<\/h5>\n<p>Das AIP<sup>\u00ae<\/sup>\u00a0In-Line-System ist f\u00fcr die Gro\u00dfserienfertigung geeignet. Dieses System erreicht durch das Evakuieren, Vorheizen, Beschichten und K\u00fchlen in getrennten Kammern eine effiziente Produktion.<\/p>\n<h5>Eigenschaften:<\/h5>\n<ul>\n<li>Eine hochmoderne vollautomatische Steuerung kann mit den vor- und nachgelagerten Prozessen verzahnt werden.<\/li>\n<li>Die Kontrolle der AIP<sup>\u00ae<\/sup>-Betriebsdaten per PC erm\u00f6glicht eine hocheffiziente Betriebsf\u00fchrung.<\/li>\n<\/ul>\n<p>Die Kammer-Modulbauweise erm\u00f6glicht flexible Kammerkombinationen, wie z.B. 5-Kammer- oder 6-Kammer-Systeme je nach Beschichtungsbedarf.[\/ld_fancy_heading]<\/div><\/div><\/div><\/div><div class=\"vc_row wpb_row vc_row-fluid vc_column-gap-15\"><div class=\"wpb_column vc_column_container vc_col-sm-12\"><div class=\"vc_column-inner\"><div class=\"wpb_wrapper\">[ld_spacer height=&#8221;50px&#8221;]<\/div><\/div><\/div><\/div><div class=\"vc_row wpb_row vc_row-fluid vc_column-gap-15\"><div class=\"wpb_column vc_column_container vc_col-sm-6\"><div class=\"vc_column-inner\"><div class=\"wpb_wrapper\">[ld_images_group_element img_size=&#8221;full&#8221; image=&#8221;5335&#8243; position=&#8221;top_small:100px&#8221;][\/ld_images_group_element]<\/div><\/div><\/div><div class=\"wpb_column vc_column_container vc_col-sm-4\"><div class=\"vc_column-inner vc_custom_1641206493521\"><div class=\"wpb_wrapper\">[ld_fancy_heading]<\/p>\n<h3>AIP<sup>\u00ae<\/sup>\u00a0System f\u00fcr Kolbenringe<\/h3>\n<h5>AIP<sup>\u00ae<\/sup>-G Series<\/h5>\n<p>KOBELCO bietet die AIP<sup>\u00ae<\/sup>-Beschichtungssysteme f\u00fcr die unterschiedlichsten Zwecke an. So wurde die AIP<sup>\u00ae<\/sup>-G Serie, welche \u00fcber KOBELCOs neu entwickelte Superfeinkathode verf\u00fcgt, speziell f\u00fcr die Beschichtung von Kolbenringen entwickelt.<\/p>\n<ul>\n<li>\u00dcberdurchschnittliche Gleichm\u00e4\u00dfigkeit der Schichtdicke<\/li>\n<li>Effizienter Einsatz der Targets<\/li>\n<li>Geeignet zur Herstellung von dicken Schichten<\/li>\n<\/ul>\n<p>[\/ld_fancy_heading]<\/div><\/div><\/div><\/div><div class=\"vc_row wpb_row vc_row-fluid vc_column-gap-15\"><div class=\"wpb_column vc_column_container vc_col-sm-12\"><div class=\"vc_column-inner\"><div class=\"wpb_wrapper\">[ld_spacer height=&#8221;100px&#8221;][ld_spacer height=&#8221;100px&#8221;]<\/div><\/div><\/div><\/div><div class=\"vc_row wpb_row vc_row-fluid vc_column-gap-15\"><div class=\"wpb_column vc_column_container vc_col-sm-4\"><div class=\"vc_column-inner vc_custom_1628256613770\"><div class=\"wpb_wrapper\">[ld_images_group_element img_size=&#8221;800&#215;600&#8243; enable_hover3d=&#8221;yes&#8221; image=&#8221;5336&#8243;][\/ld_images_group_element]<\/div><\/div><\/div><div class=\"wpb_column vc_column_container vc_col-sm-4\"><div class=\"vc_column-inner\"><div class=\"wpb_wrapper\">[ld_images_group_element img_size=&#8221;800&#215;600&#8243; enable_hover3d=&#8221;yes&#8221; image=&#8221;5335&#8243;][\/ld_images_group_element]<\/div><\/div><\/div><div class=\"wpb_column vc_column_container vc_col-sm-4\"><div class=\"vc_column-inner vc_custom_1628256636031\"><div class=\"wpb_wrapper\">[ld_images_group_element img_size=&#8221;800&#215;600&#8243; enable_hover3d=&#8221;yes&#8221; image=&#8221;5330&#8243;][\/ld_images_group_element]<\/div><\/div><\/div><\/div><div class=\"vc_row wpb_row vc_row-fluid vc_column-gap-15\"><div class=\"wpb_column vc_column_container vc_col-sm-12\"><div class=\"vc_column-inner\"><div class=\"wpb_wrapper\">[ld_spacer height=&#8221;100px&#8221;]<\/div><\/div><\/div><\/div><div class=\"vc_row wpb_row vc_row-fluid vc_column-gap-15\"><div class=\"wpb_column vc_column_container vc_col-sm-12\"><div class=\"vc_column-inner\"><div class=\"wpb_wrapper\">[ld_button style=&#8221;btn-underlined&#8221; title=&#8221;AIPOCKET\u2122&#8221; link=&#8221;url:https%3A%2F%2Fkcs-europe.com%2Faipocket%2F|title:AIPOCKET%E2%84%A2||&#8221;][ld_spacer][ld_button style=&#8221;btn-underlined&#8221; title=&#8221;AIP\u00ae-S SERIES&#8221; link=&#8221;url:https%3A%2F%2Fkcs-europe.com%2Faip-s-series%2F|title:AIP%C2%AE-S%20SERIES||&#8221;][ld_spacer][ld_button style=&#8221;btn-underlined&#8221; title=&#8221;AIP\u00ae SYSTEMS FOR SPECIAL USE&#8221; link=&#8221;url:https%3A%2F%2Fkcs-europe.com%2Faip-s-series%2F|title:AIP%C2%AE-S%20SERIES||&#8221;][ld_spacer][ld_button style=&#8221;btn-underlined&#8221; title=&#8221;UBMS\u00ae SERIES FOR DLC&#8221; link=&#8221;url:https%3A%2F%2Fkcs-europe.com%2Fubms-series-for-dlc%2F|title:UBMS%C2%AE%20SERIES%20FOR%20DLC||&#8221;][ld_spacer][ld_button style=&#8221;btn-underlined&#8221; title=&#8221;HYBRID SYSTEM (AIP\u00ae + UBMS\u00ae)&#8221; link=&#8221;url:https%3A%2F%2Fkcs-europe.com%2Fhybrid-system%2F|title:HYBRID%20SYSTEM||&#8221;][ld_spacer]<\/div><\/div><\/div><\/div>\n","protected":false},"excerpt":{"rendered":"[ld_button style=\"btn-underlined\" title=\"AIPOCKET\u2122\" link=\"url:https%3A%2F%2Fkcs-europe.com%2Faipocket%2F|title:AIPOCKET%E2%84%A2||\"][ld_button style=\"btn-underlined\" title=\"AIP\u00ae-S SERIES\" link=\"url:https%3A%2F%2Fkcs-europe.com%2Faip-s-series%2F|title:AIP%C2%AE-S%20SERIES||\" css=\".vc_custom_1642156902738{margin-left: -65px !important;}\"][ld_button style=\"btn-underlined\" title=\"AIP\u00ae SYSTEMS FOR SPECIAL USE\" link=\"url:https%3A%2F%2Fkcs-europe.com%2Faip-systems-for-special-use%2F|title:AIP%C2%AE-S%20SERIES||\" css=\".vc_custom_1642156917762{margin-left: -110px !important;}\"][ld_button style=\"btn-underlined\" title=\"UBMS\u00ae SERIES FOR DLC\" link=\"url:https%3A%2F%2Fkcs-europe.com%2Fubms-series-for-dlc%2F|title:UBMS%C2%AE%20SERIES%20FOR%20DLC||\" css=\".vc_custom_1642161448500{margin-left: -20px !important;}\"][ld_button style=\"btn-underlined\" title=\"HYBRID SYSTEM (AIP\u00ae + UBMS\u00ae)\" link=\"url:https%3A%2F%2Fkcs-europe.com%2Fhybrid-system%2F|title:HYBRID%20SYSTEM||\"][ld_fancy_heading] AIP\u00ae\u00a0SYSTEMS FOR SPECIAL USE [\/ld_fancy_heading][ld_images_group_element image=\"5336\" position=\"top_small:100px\"][\/ld_images_group_element][ld_fancy_heading] KOBELCO bietet AIP\u00ae\u00a0-Beschichtungssysteme f\u00fcr die unterschiedlichsten Zwecke an. AIP\u00ae\u00a0In-Line System Das [...]","protected":false},"author":2,"featured_media":0,"parent":0,"menu_order":0,"comment_status":"closed","ping_status":"closed","template":"","meta":{"_monsterinsights_skip_tracking":false,"_monsterinsights_sitenote_active":false,"_monsterinsights_sitenote_note":"","_monsterinsights_sitenote_category":0,"footnotes":""},"class_list":["post-5415","page","type-page","status-publish","hentry"],"_links":{"self":[{"href":"https:\/\/kcs-europe.com\/en\/wp-json\/wp\/v2\/pages\/5415","targetHints":{"allow":["GET"]}}],"collection":[{"href":"https:\/\/kcs-europe.com\/en\/wp-json\/wp\/v2\/pages"}],"about":[{"href":"https:\/\/kcs-europe.com\/en\/wp-json\/wp\/v2\/types\/page"}],"author":[{"embeddable":true,"href":"https:\/\/kcs-europe.com\/en\/wp-json\/wp\/v2\/users\/2"}],"replies":[{"embeddable":true,"href":"https:\/\/kcs-europe.com\/en\/wp-json\/wp\/v2\/comments?post=5415"}],"version-history":[{"count":0,"href":"https:\/\/kcs-europe.com\/en\/wp-json\/wp\/v2\/pages\/5415\/revisions"}],"wp:attachment":[{"href":"https:\/\/kcs-europe.com\/en\/wp-json\/wp\/v2\/media?parent=5415"}],"curies":[{"name":"wp","href":"https:\/\/api.w.org\/{rel}","templated":true}]}}