{"id":5103,"date":"2021-07-21T12:10:48","date_gmt":"2021-07-21T10:10:48","guid":{"rendered":"https:\/\/kcs-europe.com\/?page_id=5103"},"modified":"2023-10-26T13:01:55","modified_gmt":"2023-10-26T11:01:55","slug":"research-development","status":"publish","type":"page","link":"https:\/\/kcs-europe.com\/en\/research-development\/","title":{"rendered":"Research &#038; Development"},"content":{"rendered":"<div class=\"vc_row wpb_row vc_row-fluid vc_custom_1639667874253 vc_row-has-fill vc_column-gap-15 vc_row-o-full-height vc_row-o-columns-middle vc_row-flex\"><div class=\"wpb_column vc_column_container vc_col-sm-12 vc_col-lg-offset-2 vc_col-lg-8 vc_col-md-offset-1 vc_col-md-10\"><div class=\"vc_column-inner\"><div class=\"wpb_wrapper\">[ld_fancy_heading transform=&#8221;text-uppercase&#8221; ca_init_scale_x=&#8221;1&#8243; ca_init_scale_y=&#8221;1&#8243; ca_init_opacity=&#8221;1&#8243; ca_an_scale_x=&#8221;1&#8243; ca_an_scale_y=&#8221;1&#8243; ca_an_opacity=&#8221;1&#8243; use_custom_fonts_title=&#8221;true&#8221; enable_split=&#8221;true&#8221; use_mask=&#8221;true&#8221; ca_init_scale_z=&#8221;1&#8243; ca_an_scale_z=&#8221;1&#8243; color=&#8221;rgb(255, 255, 255)&#8221; fs=&#8221;text_medium:74px|text_small:14vw&#8221; lh=&#8221;text_small:1.125em&#8221; ls=&#8221;text_small:-0.005em&#8221; margin=&#8221;bottom_small:0.35em&#8221;]FORSCHUNG &amp; ENTWICKLUNG[\/ld_fancy_heading][ld_fancy_heading tag=&#8221;p&#8221; ca_init_scale_x=&#8221;1&#8243; ca_init_scale_y=&#8221;1&#8243; ca_init_opacity=&#8221;1&#8243; ca_an_scale_x=&#8221;1&#8243; ca_an_scale_y=&#8221;1&#8243; ca_an_opacity=&#8221;1&#8243; use_custom_fonts_title=&#8221;true&#8221; enable_split=&#8221;true&#8221; use_mask=&#8221;true&#8221; ca_init_scale_z=&#8221;1&#8243; ca_an_scale_z=&#8221;1&#8243; color=&#8221;rgba(255, 255, 255, 0.8)&#8221; fs=&#8221;text_medium:21px|text_small:19px&#8221; lh=&#8221;text_small:1.38em&#8221; padding=&#8221;right_all:12%25|left_all:12%25&#8243; margin=&#8221;bottom_small:2em&#8221;]Innovation in der Unternehmens-DNA[\/ld_fancy_heading]<\/div><\/div><\/div><\/div><div class=\"vc_row wpb_row vc_row-fluid vc_custom_1636628142855 vc_row-has-fill vc_column-gap-15\"><div class=\"wpb_column vc_column_container vc_col-sm-12\"><div class=\"vc_column-inner\"><div class=\"wpb_wrapper\"><\/div><\/div><\/div><div class=\"wpb_column vc_column_container vc_col-sm-9\"><div class=\"vc_column-inner\"><div class=\"wpb_wrapper\">[ld_fancy_heading tag=&#8221;h2&#8243; split_type=&#8221;chars, words&#8221; duration=&#8221;1600&#8243; delay=&#8221;80&#8243; easing=&#8221;bounce.inOut&#8221; direction=&#8221;random&#8221; ca_init_scale_x=&#8221;1&#8243; ca_init_scale_y=&#8221;1&#8243; ca_init_origin_y=&#8221;100%&#8221; ca_init_opacity=&#8221;0&#8243; ca_an_scale_x=&#8221;1&#8243; ca_an_scale_y=&#8221;1&#8243; ca_an_origin_y=&#8221;100%&#8221; ca_an_opacity=&#8221;1&#8243; use_custom_fonts_title=&#8221;true&#8221; enable_split=&#8221;true&#8221; enable_randomize=&#8221;true&#8221; ca_init_scale_z=&#8221;1&#8243; ca_an_scale_z=&#8221;1&#8243; color=&#8221;#00154c&#8221; ca_init_rotate_x=&#8221;0&#8243; ca_init_rotate_y=&#8221;0&#8243; ca_init_rotate_z=&#8221;0&#8243; margin=&#8221;bottom_large:0px|bottom_small:0.25em&#8221; ca_init_translate_y=&#8221;0&#8243; fs=&#8221;text_all:60px|text_large:60px|text_medium:40px|text_small:18vw&#8221; lh=&#8221;text_small:0.83em&#8221; fw=&#8221;text_small:500&#8243; ls=&#8221;text_small:-0.02em&#8221;]Entwicklung individueller Beschichtungsl\u00f6sungen[\/ld_fancy_heading]<\/div><\/div><\/div><div class=\"wpb_column vc_column_container vc_col-sm-12 vc_col-md-3\"><div class=\"vc_column-inner\"><div class=\"wpb_wrapper\">[ld_spacer height=&#8221;15px&#8221; md_height=&#8221;120px&#8221; lg_height=&#8221;150px&#8221;][ld_fancy_heading tag=&#8221;p&#8221; ca_init_scale_x=&#8221;1&#8243; ca_init_scale_y=&#8221;1&#8243; ca_init_opacity=&#8221;1&#8243; ca_an_scale_x=&#8221;1&#8243; ca_an_scale_y=&#8221;1&#8243; ca_an_opacity=&#8221;1&#8243; use_custom_fonts_title=&#8221;true&#8221; enable_split=&#8221;true&#8221; use_mask=&#8221;true&#8221; ca_init_scale_z=&#8221;1&#8243; ca_an_scale_z=&#8221;1&#8243; color=&#8221;#00154c&#8221; fs=&#8221;text_small:15px&#8221; lh=&#8221;text_small:1.33em&#8221; margin=&#8221;left_large:-80%25|bottom_small:1.25em&#8221;]Unsere zertifizierte Forschungs- &amp; Entwicklungsabteilung erm\u00f6glicht uns die Entwicklung neuer Produkte und Applikationen f\u00fcr fortschrittliche Beschichtungstechnologien. In Zusammenarbeit mit unseren Kunden sind wir dazu in der Lage, die Anforderungen dieser zu ihrer vollsten Zufriedenheit zu erf\u00fcllen und einzigartige, optimal auf die Bed\u00fcrfnisse unserer Kunden abgestimmte sowie fehlerfrei funktionierende Beschichtungsl\u00f6sungen zu garantieren.[\/ld_fancy_heading]<\/div><\/div><\/div><\/div><div class=\"vc_row wpb_row vc_row-fluid vc_custom_1608304939202 vc_row-has-fill vc_column-gap-15\"><div class=\"wpb_column vc_column_container vc_col-sm-12\"><div class=\"vc_column-inner\"><div class=\"wpb_wrapper\"><\/div><\/div><\/div><div class=\"wpb_column vc_column_container vc_col-sm-12 vc_col-md-offset-3 vc_col-md-3\"><div class=\"vc_column-inner\"><div class=\"wpb_wrapper\">[ld_spacer height=&#8221;15px&#8221; md_height=&#8221;120px&#8221; lg_height=&#8221;150px&#8221;][ld_fancy_heading tag=&#8221;p&#8221; ca_init_scale_x=&#8221;1&#8243; ca_init_scale_y=&#8221;1&#8243; ca_init_opacity=&#8221;1&#8243; ca_an_scale_x=&#8221;1&#8243; ca_an_scale_y=&#8221;1&#8243; ca_an_opacity=&#8221;1&#8243; use_custom_fonts_title=&#8221;true&#8221; enable_split=&#8221;true&#8221; use_mask=&#8221;true&#8221; ca_init_scale_z=&#8221;1&#8243; ca_an_scale_z=&#8221;1&#8243; color=&#8221;#00154c&#8221; fs=&#8221;text_small:15px&#8221; lh=&#8221;text_small:1.33em&#8221; margin=&#8221;left_large:-80%25|bottom_small:1.25em&#8221;]Dank der kontinuierlichen Forschung unserer Experten und der Zusammenarbeit mit bekannten Forschungspartnern sowie staatlich finanzierten Projekten k\u00f6nnen wir unsere L\u00f6sungen stetig verbessern und auf neue Ebenen bringen. Unsere moderne Forschungs- und Entwicklungsabteilung l\u00e4sst hinsichtlich der Entwicklung und Konstruktion keine W\u00fcnsche offen und bietet eine Vielzahl unterschiedlicher analytischer Werkzeuge.[\/ld_fancy_heading]<\/div><\/div><\/div><div class=\"wpb_column vc_column_container vc_col-sm-6 vc_col-md-6\"><div class=\"vc_column-inner\"><div class=\"wpb_wrapper\">[ld_fancy_heading tag=&#8221;h2&#8243; split_type=&#8221;chars, words&#8221; duration=&#8221;1600&#8243; delay=&#8221;80&#8243; easing=&#8221;bounce.inOut&#8221; direction=&#8221;random&#8221; ca_init_scale_x=&#8221;1&#8243; ca_init_scale_y=&#8221;1&#8243; ca_init_origin_y=&#8221;100%&#8221; ca_init_opacity=&#8221;0&#8243; ca_an_scale_x=&#8221;1&#8243; ca_an_scale_y=&#8221;1&#8243; ca_an_origin_y=&#8221;100%&#8221; ca_an_opacity=&#8221;1&#8243; use_custom_fonts_title=&#8221;true&#8221; enable_split=&#8221;true&#8221; enable_randomize=&#8221;true&#8221; ca_init_scale_z=&#8221;1&#8243; ca_an_scale_z=&#8221;1&#8243; color=&#8221;#00154c&#8221; ca_init_rotate_x=&#8221;0&#8243; ca_init_rotate_y=&#8221;0&#8243; ca_init_rotate_z=&#8221;0&#8243; margin=&#8221;bottom_large:0px|bottom_small:0.25em&#8221; ca_init_translate_y=&#8221;0&#8243; fs=&#8221;text_all:60px|text_large:60px|text_medium:40px|text_small:18vw&#8221; lh=&#8221;text_small:0.83em&#8221; fw=&#8221;text_small:500&#8243; ls=&#8221;text_small:-0.02em&#8221;]Qualit\u00e4t durch namhafte Forschungspartner[\/ld_fancy_heading]<\/div><\/div><\/div><\/div><div class=\"vc_row wpb_row vc_row-fluid vc_custom_1626865808648 vc_row-has-fill vc_column-gap-15 vc_row-o-equal-height vc_row-o-content-middle vc_row-flex\"><div data-vc-parallax=\"\" class=\"wpb_column vc_column_container vc_col-sm-12 vc_col-has-fill vc_general vc_parallax vc_parallax-yes\"><div class=\"vc_column-inner vc_custom_1626870396965\"><div class=\"wpb_wrapper\"><div class=\"vc_row wpb_row vc_inner vc_row-fluid vc_column-gap-15 vc_row-o-equal-height vc_row-o-content-middle vc_row-flex\"><div class=\"wpb_column vc_column_container vc_col-sm-12 vc_col-md-8\"><div class=\"vc_column-inner vc_custom_1605986763153\"><div class=\"wpb_wrapper\">[ld_fancy_heading tag=&#8221;h3&#8243; use_custom_fonts_title=&#8221;true&#8221; enable_fit=&#8221;true&#8221; fs=&#8221;text_small:48px&#8221; lh=&#8221;text_small:1.2em&#8221; margin=&#8221;bottom_small:0.65em&#8221; minfontsize=&#8221;36&#8243;]Projekt im Kopf?[\/ld_fancy_heading][ld_fancy_heading tag=&#8221;p&#8221; use_custom_fonts_title=&#8221;true&#8221; fs=&#8221;text_small:20px&#8221; lh=&#8221;text_small:1.5em&#8221; margin=&#8221;bottom_large:0px|bottom_small:30px&#8221;]<\/p>\n<div class=\"animate-box fadeInUp animated-fast\">\n<p>Wir beraten Sie gern. Ihre W\u00fcnsche und Fragen stehen bei uns im Vordergrund \u2013 wir sind Ihr pers\u00f6nlicher Ansprechpartner!<\/p>\n<\/div>\n<p>[\/ld_fancy_heading]<\/div><\/div><\/div><div class=\"wpb_column vc_column_container vc_col-sm-12 vc_col-md-4\"><div class=\"vc_column-inner\"><div class=\"wpb_wrapper\">[ld_button style=&#8221;btn-solid&#8221; title=&#8221;Kontaktieren&#8221; transformation=&#8221;text-uppercase&#8221; shape=&#8221;circle&#8221; hover_txt_effect=&#8221;btn-hover-txt-liquid-y&#8221; enable_row_shadowbox=&#8221;yes&#8221; button_box_shadow=&#8221;%5B%7B%22x_offset%22%3A%220%22%2C%22y_offset%22%3A%2220px%22%2C%22blur_radius%22%3A%2260px%22%2C%22shadow_color%22%3A%22rgba(248%2C85%2C78%2C0.21)%22%7D%5D&#8221; hover_button_box_shadow=&#8221;%5B%7B%7D%5D&#8221; css=&#8221;.vc_custom_1641230575117{padding-right: 1em !important;padding-left: 1em !important;}&#8221; hover_color=&#8221;rgb(51, 106, 234)&#8221; link=&#8221;url:https%3A%2F%2Fkcs-europe.com%2Fcontact%2F|title:Contact||&#8221;]<\/div><\/div><\/div><\/div><\/div><\/div><\/div><\/div>\n","protected":false},"excerpt":{"rendered":"[ld_fancy_heading transform=\"text-uppercase\" ca_init_scale_x=\"1\" ca_init_scale_y=\"1\" ca_init_opacity=\"1\" ca_an_scale_x=\"1\" ca_an_scale_y=\"1\" ca_an_opacity=\"1\" use_custom_fonts_title=\"true\" enable_split=\"true\" use_mask=\"true\" ca_init_scale_z=\"1\" ca_an_scale_z=\"1\" color=\"rgb(255, 255, 255)\" fs=\"text_medium:74px|text_small:14vw\" lh=\"text_small:1.125em\" ls=\"text_small:-0.005em\" margin=\"bottom_small:0.35em\"]FORSCHUNG &amp; ENTWICKLUNG[\/ld_fancy_heading][ld_fancy_heading tag=\"p\" ca_init_scale_x=\"1\" ca_init_scale_y=\"1\" ca_init_opacity=\"1\" ca_an_scale_x=\"1\" ca_an_scale_y=\"1\" ca_an_opacity=\"1\" use_custom_fonts_title=\"true\" enable_split=\"true\" use_mask=\"true\" ca_init_scale_z=\"1\" ca_an_scale_z=\"1\" color=\"rgba(255, 255, 255, 0.8)\" fs=\"text_medium:21px|text_small:19px\" lh=\"text_small:1.38em\" padding=\"right_all:12%25|left_all:12%25\" margin=\"bottom_small:2em\"]Innovation in der Unternehmens-DNA[\/ld_fancy_heading][ld_fancy_heading tag=\"h2\" split_type=\"chars, words\" duration=\"1600\" delay=\"80\" easing=\"bounce.inOut\" direction=\"random\" ca_init_scale_x=\"1\" ca_init_scale_y=\"1\" ca_init_origin_y=\"100%\" [...]","protected":false},"author":1,"featured_media":0,"parent":0,"menu_order":0,"comment_status":"closed","ping_status":"closed","template":"","meta":{"_monsterinsights_skip_tracking":false,"_monsterinsights_sitenote_active":false,"_monsterinsights_sitenote_note":"","_monsterinsights_sitenote_category":0,"footnotes":""},"class_list":["post-5103","page","type-page","status-publish","hentry"],"_links":{"self":[{"href":"https:\/\/kcs-europe.com\/en\/wp-json\/wp\/v2\/pages\/5103","targetHints":{"allow":["GET"]}}],"collection":[{"href":"https:\/\/kcs-europe.com\/en\/wp-json\/wp\/v2\/pages"}],"about":[{"href":"https:\/\/kcs-europe.com\/en\/wp-json\/wp\/v2\/types\/page"}],"author":[{"embeddable":true,"href":"https:\/\/kcs-europe.com\/en\/wp-json\/wp\/v2\/users\/1"}],"replies":[{"embeddable":true,"href":"https:\/\/kcs-europe.com\/en\/wp-json\/wp\/v2\/comments?post=5103"}],"version-history":[{"count":3,"href":"https:\/\/kcs-europe.com\/en\/wp-json\/wp\/v2\/pages\/5103\/revisions"}],"predecessor-version":[{"id":6335,"href":"https:\/\/kcs-europe.com\/en\/wp-json\/wp\/v2\/pages\/5103\/revisions\/6335"}],"wp:attachment":[{"href":"https:\/\/kcs-europe.com\/en\/wp-json\/wp\/v2\/media?parent=5103"}],"curies":[{"name":"wp","href":"https:\/\/api.w.org\/{rel}","templated":true}]}}