{"id":5088,"date":"2021-07-21T12:06:34","date_gmt":"2021-07-21T10:06:34","guid":{"rendered":"https:\/\/kcs-europe.com\/?page_id=5088"},"modified":"2022-01-26T11:49:31","modified_gmt":"2022-01-26T10:49:31","slug":"company","status":"publish","type":"page","link":"https:\/\/kcs-europe.com\/en\/company\/","title":{"rendered":"Company"},"content":{"rendered":"<div id=\"lqd-features\" class=\"vc_row wpb_row vc_row-fluid vc_custom_1626862621360 vc_row-has-fill vc_column-gap-15 vc_row-o-equal-height vc_row-o-content-middle vc_row-flex\"><div data-vc-parallax=\"\" class=\"wpb_column vc_column_container vc_col-sm-1 vc_col-has-fill vc_general vc_parallax vc_parallax-yes\"><div class=\"vc_column-inner\"><div class=\"wpb_wrapper\"><\/div><\/div><\/div><div class=\"wpb_column vc_column_container vc_col-sm-10\"><div class=\"vc_column-inner\"><div class=\"wpb_wrapper\">[ld_fancy_heading tag=&#8221;h2&#8243; use_custom_fonts_title=&#8221;true&#8221; fs=&#8221;text_medium:52px|text_small:44px&#8221; margin=&#8221;bottom_small:0.35em&#8221;]<\/p>\n<h1>\u00dcber KCS Europe<\/h1>\n<p>[\/ld_fancy_heading][ld_fancy_heading tag=&#8221;p&#8221; use_custom_fonts_title=&#8221;true&#8221; fs=&#8221;text_small:19px&#8221; margin=&#8221;bottom_small:1.5em&#8221; lh=&#8221;text_small:27px&#8221;]Die KCS Europe GmbH wurde im Jahr 2009 als europ\u00e4ischer Partner des japanischen Technologiekonzerns Kobe Steel, Ltd. gegr\u00fcndet. Seitdem steht das Unternehmen mit Sitz in Monschau f\u00fcr qualitativ hochwertige, zuverl\u00e4ssige, innovative und fortschrittliche PVD-Beschichtungssysteme mit kundenfreundlichem Service und Support rund um die Welt.[\/ld_fancy_heading]<\/div><\/div><\/div><div class=\"wpb_column vc_column_container vc_col-sm-1\"><div class=\"vc_column-inner\"><div class=\"wpb_wrapper\"><\/div><\/div><\/div><\/div><div data-vc-parallax=\"\" class=\"vc_row wpb_row vc_row-fluid vc_custom_1641900074919 vc_row-has-fill vc_column-gap-15 vc_general vc_parallax vc_parallax-enable_parallax\"><div class=\"wpb_column vc_column_container vc_col-sm-12\"><div class=\"vc_column-inner\"><div class=\"wpb_wrapper\">[ld_spacer height=&#8221;500px&#8221;]<\/div><\/div><\/div><\/div><div class=\"vc_row wpb_row vc_row-fluid vc_custom_1626862621360 vc_row-has-fill vc_column-gap-15 vc_row-o-equal-height vc_row-o-content-middle vc_row-flex\"><div data-vc-parallax=\"\" class=\"wpb_column vc_column_container vc_col-sm-1 vc_col-has-fill vc_general vc_parallax vc_parallax-yes\"><div class=\"vc_column-inner\"><div class=\"wpb_wrapper\"><\/div><\/div><\/div><div class=\"wpb_column vc_column_container vc_col-sm-10\"><div class=\"vc_column-inner\"><div class=\"wpb_wrapper\">[ld_fancy_heading tag=&#8221;h2&#8243; use_custom_fonts_title=&#8221;true&#8221; fs=&#8221;text_medium:52px|text_small:44px&#8221; margin=&#8221;bottom_small:0.35em&#8221;]<\/p>\n<h1>Unser Team<\/h1>\n<p>[\/ld_fancy_heading][ld_fancy_heading tag=&#8221;p&#8221; use_custom_fonts_title=&#8221;true&#8221; fs=&#8221;text_small:19px&#8221; margin=&#8221;bottom_small:1.5em&#8221; lh=&#8221;text_small:27px&#8221;]<\/p>\n<p class=\"animate-box fadeInUp animated-fast\">Wir sind ein Team mit Mitgliedern aus unterschiedlichen Bereichen und mit unterschiedlichen Kompetenzen. So gelingt es uns, unsere langj\u00e4hrige Erfahrung im PVD-Bereich mit neuen, zukunftsweisenden sowie oftmals unkonventionellen Ideen und Technologien zu kombinieren und unser Know-how zu verkn\u00fcpfen.<br \/>\nDas Resultat sind innovative, qualitativ hochwertige und fortschrittliche Beschichtungsl\u00f6sungen f\u00fcr jeden Anwendungsbereich, sodass wir uns als die \u201eProbleml\u00f6ser\u201c der PVD-Branche etablieren konnten. Dabei helfen uns auch ein gutes Netzwerk aus Kunden und Partnern sowie die N\u00e4he zum Markt und zur Wissenschaft.[\/ld_fancy_heading]<\/div><\/div><\/div><div class=\"wpb_column vc_column_container vc_col-sm-1\"><div class=\"vc_column-inner\"><div class=\"wpb_wrapper\"><\/div><\/div><\/div><\/div><div data-vc-parallax=\"\" class=\"vc_row wpb_row vc_row-fluid vc_custom_1641900978175 vc_row-has-fill vc_column-gap-15 vc_general vc_parallax vc_parallax-enable_parallax\"><div class=\"wpb_column vc_column_container vc_col-sm-12\"><div class=\"vc_column-inner\"><div class=\"wpb_wrapper\">[ld_spacer height=&#8221;500px&#8221;]<\/div><\/div><\/div><\/div><div class=\"vc_row wpb_row vc_row-fluid vc_custom_1626862621360 vc_row-has-fill vc_column-gap-15 vc_row-o-equal-height vc_row-o-content-middle vc_row-flex\"><div data-vc-parallax=\"\" class=\"wpb_column vc_column_container vc_col-sm-1 vc_col-has-fill vc_general vc_parallax vc_parallax-yes\"><div class=\"vc_column-inner\"><div class=\"wpb_wrapper\"><\/div><\/div><\/div><div class=\"wpb_column vc_column_container vc_col-sm-10\"><div class=\"vc_column-inner\"><div class=\"wpb_wrapper\">[ld_fancy_heading tag=&#8221;h3&#8243; use_custom_fonts_title=&#8221;true&#8221; fs=&#8221;text_medium:52px|text_small:44px&#8221; margin=&#8221;bottom_small:0.35em&#8221;]<\/p>\n<h1>Basis f\u00fcr den Erfolg<\/h1>\n<p>[\/ld_fancy_heading][ld_fancy_heading tag=&#8221;p&#8221; use_custom_fonts_title=&#8221;true&#8221; fs=&#8221;text_small:19px&#8221; margin=&#8221;bottom_small:1.5em&#8221; lh=&#8221;text_small:27px&#8221;]<\/p>\n<p class=\"animate-box fadeInUp animated-fast\">Die Basis f\u00fcr unseren Erfolg ist dabei vielf\u00e4ltig:<br \/>\n<strong>Fortschrittliche Beschichtungsl\u00f6sungen durch neue Wege<\/strong><\/p>\n<blockquote class=\"animate-box fadeInUp animated-fast\"><p>Als kleines, mittelst\u00e4ndisches Unternehmen mit Experten aus den unterschiedlichsten Bereichen und mit unterschiedlichsten Kompetenzen verf\u00fcgen wir \u00fcber vielf\u00e4ltige Erfahrungen. So gelingt es uns, unsere langj\u00e4hrige Erfahrung im PVD-Bereich mit neuen, zukunftsweisenden sowie oftmals unkonventionellen Ideen und Technologien zu kombinieren und unser Know-how zu verkn\u00fcpfen.<\/p><\/blockquote>\n<p class=\"animate-box fadeInUp animated-fast\"><strong>Eine starke Partnerschaft \u2013 KCS Europe und Kobe Steel<\/strong><\/p>\n<blockquote class=\"animate-box fadeInUp animated-fast\"><p>Als europ\u00e4ische Repr\u00e4sentanz des japanischen Technologiekonzerns Kobe Steel, Ltd. haben wir einen starken Partner an unserer Seite \u2013 so k\u00f6nnen wir nicht nur auf unsere eigene, langj\u00e4hrige Erfahrung z\u00e4hlen, sondern auch auf die Expertise unseres, f\u00fcr seine qualitativ hochwertigen Produkte, weltweit bekannten Partnerunternehmens.<\/p><\/blockquote>\n<p class=\"animate-box fadeInUp animated-fast\"><strong>Wir entwickeln die Zukunft der Beschichtungstechnologien<\/strong><\/p>\n<blockquote class=\"animate-box fadeInUp animated-fast\"><p>Als Forschungspartner zahlreicher Institute und Universit\u00e4ten in den unterschiedlichsten, zukunftsweisenden Projekten sind wir stets \u201eam Puls der Zeit\u201c. So gelingt es uns, neue Ideen und Technologien in unserer hauseigenen, zertifizierten Forschungs- und Entwicklungsabteilung zu entwickeln und auszubauen. Bereits jetzt verf\u00fcgen unsere Produkte \u00fcber vielf\u00e4ltige, selbstentwickelte Technologien und Prozesse, welche einen Vorsprung gegen\u00fcber bew\u00e4hrten Verfahren erm\u00f6glichen. Die Sicherheit und Innovationskraft dieser Technologien und Prozesse steht dabei f\u00fcr uns an erster Stelle.<\/p><\/blockquote>\n<p class=\"animate-box fadeInUp animated-fast\"><strong>Ihr Partner f\u00fcr individuelle Beschichtungsl\u00f6sungen<\/strong><\/p>\n<blockquote class=\"animate-box fadeInUp animated-fast\"><p>Als Anbieter individuell entwickelter und konstruierter Beschichtungsl\u00f6sungen setzen wir uns intensiv mit den Anforderungen und Herausforderungen unserer Kunden auseinander und entwickeln L\u00f6sungen, welche \u2013 in enger Abstimmung mit unseren Kunden \u2013 optimal auf die Bed\u00fcrfnisse dieser angepasst sind. So gelingt es uns, stets \u201eup to date\u201c zu bleiben und die aktuellen Erfordernisse des Marktes zu ber\u00fccksichtigen. Zudem bleiben wir stets offen f\u00fcr Neues, denken auch mal quer und gehen neue Wege.<\/p><\/blockquote>\n<p>[\/ld_fancy_heading]<\/div><\/div><\/div><div class=\"wpb_column vc_column_container vc_col-sm-1\"><div class=\"vc_column-inner\"><div class=\"wpb_wrapper\"><\/div><\/div><\/div><\/div><div class=\"vc_row wpb_row vc_row-fluid vc_custom_1626865808648 vc_row-has-fill vc_column-gap-15 vc_row-o-equal-height vc_row-o-content-middle vc_row-flex\"><div data-vc-parallax=\"\" class=\"wpb_column vc_column_container vc_col-sm-12 vc_col-has-fill vc_general vc_parallax vc_parallax-yes\"><div class=\"vc_column-inner vc_custom_1626870396965\"><div class=\"wpb_wrapper\"><div class=\"vc_row wpb_row vc_inner vc_row-fluid vc_column-gap-15 vc_row-o-equal-height vc_row-o-content-middle vc_row-flex\"><div class=\"wpb_column vc_column_container vc_col-sm-12 vc_col-md-8\"><div class=\"vc_column-inner vc_custom_1605986763153\"><div class=\"wpb_wrapper\">[ld_fancy_heading tag=&#8221;h3&#8243; use_custom_fonts_title=&#8221;true&#8221; enable_fit=&#8221;true&#8221; fs=&#8221;text_small:48px&#8221; lh=&#8221;text_small:1.2em&#8221; margin=&#8221;bottom_small:0.65em&#8221; minfontsize=&#8221;36&#8243;]Projekt im Kopf?[\/ld_fancy_heading][ld_fancy_heading tag=&#8221;p&#8221; use_custom_fonts_title=&#8221;true&#8221; fs=&#8221;text_small:20px&#8221; lh=&#8221;text_small:1.5em&#8221; margin=&#8221;bottom_large:0px|bottom_small:30px&#8221;]<\/p>\n<div class=\"animate-box fadeInUp animated-fast\">\n<p>Wir beraten Sie gern. Ihre W\u00fcnsche und Fragen stehen bei uns im Vordergrund \u2013 wir sind Ihr pers\u00f6nlicher Ansprechpartner!<\/p>\n<\/div>\n<p>[\/ld_fancy_heading]<\/div><\/div><\/div><div class=\"wpb_column vc_column_container vc_col-sm-12 vc_col-md-4\"><div class=\"vc_column-inner\"><div class=\"wpb_wrapper\">[ld_button style=&#8221;btn-solid&#8221; title=&#8221;Kontaktieren&#8221; transformation=&#8221;text-uppercase&#8221; shape=&#8221;circle&#8221; hover_txt_effect=&#8221;btn-hover-txt-liquid-y&#8221; enable_row_shadowbox=&#8221;yes&#8221; button_box_shadow=&#8221;%5B%7B%22x_offset%22%3A%220%22%2C%22y_offset%22%3A%2220px%22%2C%22blur_radius%22%3A%2260px%22%2C%22shadow_color%22%3A%22rgba(248%2C85%2C78%2C0.21)%22%7D%5D&#8221; hover_button_box_shadow=&#8221;%5B%7B%7D%5D&#8221; css=&#8221;.vc_custom_1641920319303{padding-right: 1em !important;padding-left: 1em !important;}&#8221; hover_color=&#8221;rgb(51, 106, 234)&#8221; link=&#8221;url:https%3A%2F%2Fkcs-europe.com%2Fcontact%2F|title:Contact||&#8221;]<\/div><\/div><\/div><\/div><\/div><\/div><\/div><\/div>\n","protected":false},"excerpt":{"rendered":"[ld_fancy_heading tag=\"h2\" use_custom_fonts_title=\"true\" fs=\"text_medium:52px|text_small:44px\" margin=\"bottom_small:0.35em\"] \u00dcber KCS Europe [\/ld_fancy_heading][ld_fancy_heading tag=\"p\" use_custom_fonts_title=\"true\" fs=\"text_small:19px\" margin=\"bottom_small:1.5em\" lh=\"text_small:27px\"]Die KCS Europe GmbH wurde im Jahr 2009 als europ\u00e4ischer Partner des japanischen Technologiekonzerns Kobe Steel, Ltd. gegr\u00fcndet. Seitdem steht das Unternehmen mit Sitz in Monschau f\u00fcr qualitativ hochwertige, zuverl\u00e4ssige, innovative und fortschrittliche PVD-Beschichtungssysteme mit kundenfreundlichem Service und Support rund um die [...]","protected":false},"author":1,"featured_media":0,"parent":0,"menu_order":0,"comment_status":"closed","ping_status":"closed","template":"","meta":{"_monsterinsights_skip_tracking":false,"_monsterinsights_sitenote_active":false,"_monsterinsights_sitenote_note":"","_monsterinsights_sitenote_category":0,"footnotes":""},"class_list":["post-5088","page","type-page","status-publish","hentry"],"_links":{"self":[{"href":"https:\/\/kcs-europe.com\/en\/wp-json\/wp\/v2\/pages\/5088","targetHints":{"allow":["GET"]}}],"collection":[{"href":"https:\/\/kcs-europe.com\/en\/wp-json\/wp\/v2\/pages"}],"about":[{"href":"https:\/\/kcs-europe.com\/en\/wp-json\/wp\/v2\/types\/page"}],"author":[{"embeddable":true,"href":"https:\/\/kcs-europe.com\/en\/wp-json\/wp\/v2\/users\/1"}],"replies":[{"embeddable":true,"href":"https:\/\/kcs-europe.com\/en\/wp-json\/wp\/v2\/comments?post=5088"}],"version-history":[{"count":0,"href":"https:\/\/kcs-europe.com\/en\/wp-json\/wp\/v2\/pages\/5088\/revisions"}],"wp:attachment":[{"href":"https:\/\/kcs-europe.com\/en\/wp-json\/wp\/v2\/media?parent=5088"}],"curies":[{"name":"wp","href":"https:\/\/api.w.org\/{rel}","templated":true}]}}