{"id":5010,"date":"2020-04-16T07:29:48","date_gmt":"2020-04-16T07:29:48","guid":{"rendered":"https:\/\/asymmetric-businesspro.liquid-themes.com\/?page_id=5"},"modified":"2026-01-28T09:44:22","modified_gmt":"2026-01-28T08:44:22","slug":"asymmetric-business-homepage","status":"publish","type":"page","link":"https:\/\/kcs-europe.com\/en\/","title":{"rendered":"KCS"},"content":{"rendered":"<div data-vc-full-width=\"true\" data-vc-full-width-init=\"false\" data-vc-parallax-image=\"https:\/\/www.youtube.com\/watch?v=lMJXxhRFO1k\" data-vc-video-bg=\"https:\/\/www.youtube.com\/watch?v=lMJXxhRFO1k\" class=\"vc_row wpb_row vc_row-fluid vc_custom_1680257288937 vc_row-has-fill vc_row-o-full-height vc_row-o-columns-bottom vc_row-flex vc_video-bg-container\"><div class=\"wpb_column vc_column_container vc_col-sm-12 vc_col-md-7\"><div class=\"vc_column-inner\"><div class=\"wpb_wrapper\">[ld_fancy_heading tag=&#8221;p&#8221; enable_bg=&#8221;yes&#8221; fh_border_radius=&#8221;round&#8221; use_custom_fonts_title=&#8221;true&#8221; color=&#8221;rgb(0, 0, 0)&#8221; fs=&#8221;text_small:13px&#8221; lh=&#8221;text_small:1em&#8221; padding=&#8221;top_small:0.5em|right_small:1em|bottom_small:0.5em|left_small:1em&#8221; fh_bg=&#8221;rgb(255, 255, 255)&#8221; margin=&#8221;bottom_small:2em&#8221;]KCS EUROPE[\/ld_fancy_heading][ld_fancy_heading split_type=&#8221;chars, words&#8221; duration=&#8221;1200&#8243; delay=&#8221;25&#8243; easing=&#8221;expo.out&#8221; direction=&#8221;random&#8221; ca_init_scale_x=&#8221;1&#8243; ca_init_scale_y=&#8221;1&#8243; ca_init_opacity=&#8221;0&#8243; ca_an_scale_x=&#8221;1&#8243; ca_an_scale_y=&#8221;1&#8243; ca_an_opacity=&#8221;1&#8243; use_custom_fonts_title=&#8221;true&#8221; use_inheritance=&#8221;true&#8221; enable_split=&#8221;true&#8221; ca_init_scale_z=&#8221;1&#8243; ca_an_scale_z=&#8221;1&#8243; color=&#8221;rgb(255, 255, 255)&#8221; fs=&#8221;text_large:5vw|text_medium:11vw|text_small:12vw&#8221; ca_init_translate_y=&#8221;-60&#8243; ls=&#8221;text_small:-0.02em&#8221;][ld_highlight]LEADING[\/ld_highlight] IN ADVANCED MATERIALS[\/ld_fancy_heading][ld_fancy_heading tag=&#8221;p&#8221; tag_to_inherite=&#8221;h4&#8243; use_inheritance=&#8221;true&#8221; color=&#8221;rgb(255, 255, 255)&#8221; margin=&#8221;right_large:3vw|bottom_small:1.35em&#8221;]Ihr Partner f\u00fcr PVD Beschichtungsl\u00f6sungen.[\/ld_fancy_heading]<\/div><\/div><\/div><\/div><div class=\"vc_row-full-width vc_clearfix\"><\/div><div class=\"vc_row wpb_row vc_row-fluid vc_custom_1641231140786 vc_row-has-fill vc_column-gap-15\"><div class=\"wpb_column vc_column_container vc_col-sm-12 vc_col-md-3\"><div class=\"vc_column-inner\"><div class=\"wpb_wrapper\">[ld_fancy_heading tag=&#8221;h4&#8243; alignment=&#8221;text-right&#8221; color=&#8221;rgb(255, 255, 255)&#8221; margin=&#8221;bottom_small:1.5em&#8221;]\u00dcber uns[\/ld_fancy_heading]<\/div><\/div><\/div><div class=\"wpb_column vc_column_container vc_col-sm-12 vc_col-lg-8 vc_col-md-9\"><div class=\"vc_column-inner\"><div class=\"wpb_wrapper\">\n\t<div class=\"wpb_text_column wpb_content_element  vc_custom_1643192109562\" >\n\t\t<div class=\"wpb_wrapper\">\n\t\t\t<p><span style=\"color: #ffffff;\">Als einer der f\u00fchrenden Anbieter standardisierter und kundenspezifischer Beschichtungstechnologien entwickelt die KCS Europe GmbH innovative PVD-Anlagen und Prozesse sowie hochfortschrittliche Funktionswerkstoffe. Dabei wird der ma\u00dfgeschneiderten Anpassung der Schichteigenschaften eine zentrale Rolle zugeschrieben.<\/span><\/p>\n<p><span style=\"color: #ffffff;\">Letztendlich erlaubt die Herstellung funktioneller Schichten mittels PVD-Abscheidung die Realisierung zahlreicher neuer, zukunftsweisender Hightech-Anwendungen in den verschiedensten Bereichen.<\/span><\/p>\n\n\t\t<\/div>\n\t<\/div>\n[ld_button style=&#8221;btn-solid&#8221; title=&#8221;Mehr erfahren&#8221; shape=&#8221;round&#8221; size=&#8221;btn-sm&#8221; border=&#8221;border-none&#8221; hover_txt_effect=&#8221;btn-hover-txt-liquid-y&#8221; i_type=&#8221;linea&#8221; i_hover_reveal=&#8221;btn-hover-swp&#8221; i_add_icon=&#8221;true&#8221; color=&#8221;rgb(255, 255, 255)&#8221; text_color=&#8221;rgb(0, 0, 0)&#8221; css=&#8221;.vc_custom_1643191636462{padding-right: 0.5em !important;padding-left: 0.5em !important;}&#8221; i_icon_linea=&#8221;lqd-icn-ess icon-md-arrow-forward&#8221; hover_color=&#8221;rgb(37, 37, 37)&#8221; htext_color=&#8221;rgb(255, 255, 255)&#8221; link=&#8221;url:https%3A%2F%2Fkcs-europe.com%2Fcompany%2F|title:Unternehmen||&#8221;]<\/div><\/div><\/div><\/div><div class=\"vc_row wpb_row vc_row-fluid vc_custom_1642591045931 vc_row-has-fill vc_column-gap-15\"><div class=\"wpb_column vc_column_container vc_col-sm-12 vc_col-lg-8 vc_col-md-9\"><div class=\"vc_column-inner\"><div class=\"wpb_wrapper\">[ld_fancy_heading tag=&#8221;h4&#8243; alignment=&#8221;text-left&#8221; color=&#8221;rgb(255, 255, 255)&#8221; margin=&#8221;bottom_small:1.5em&#8221;]\u00dcber uns[\/ld_fancy_heading][ld_fancy_heading tag=&#8221;p&#8221; tag_to_inherite=&#8221;h4&#8243; use_inheritance=&#8221;true&#8221; color=&#8221;rgb(255, 255, 255)&#8221; margin=&#8221;bottom_small:1.35em&#8221;]Als einer der f\u00fchrenden Anbieter standardisierter und kundenspezifischer Beschichtungstechnologien entwickelt die KCS Europe GmbH innovative PVD-Anlagen und Prozesse sowie hochfortschrittliche Funktionswerkstoffe. Dabei wird der ma\u00dfgeschneiderten Anpassung der Schichteigenschaften eine zentrale Rolle zugeschrieben.<\/p>\n<p>Letztendlich erlaubt die Herstellung funktioneller Schichten mittels PVD-Abscheidung die Realisierung zahlreicher neuer, zukunftsweisender Hightech-Anwendungen in den verschiedensten Bereichen.[\/ld_fancy_heading][ld_button style=&#8221;btn-solid&#8221; title=&#8221;Mehr erfahren&#8221; shape=&#8221;round&#8221; size=&#8221;btn-sm&#8221; border=&#8221;border-none&#8221; hover_txt_effect=&#8221;btn-hover-txt-liquid-y&#8221; i_type=&#8221;linea&#8221; i_hover_reveal=&#8221;btn-hover-swp&#8221; i_add_icon=&#8221;true&#8221; color=&#8221;rgb(255, 255, 255)&#8221; text_color=&#8221;rgb(0, 0, 0)&#8221; css=&#8221;.vc_custom_1641227643294{padding-right: 0.5em !important;padding-left: 0.5em !important;}&#8221; i_icon_linea=&#8221;lqd-icn-ess icon-md-arrow-forward&#8221; hover_color=&#8221;rgb(37, 37, 37)&#8221; htext_color=&#8221;rgb(255, 255, 255)&#8221; link=&#8221;url:https%3A%2F%2Fkcs-europe.com%2Funternehmen%2F|title:Unternehmen||&#8221;]<\/div><\/div><\/div><\/div><div data-vc-full-width=\"true\" data-vc-full-width-init=\"false\" class=\"vc_row wpb_row vc_row-fluid vc_custom_1641231262353 vc_column-gap-15 vc_row-o-equal-height vc_row-flex\"><div class=\"wpb_column vc_column_container vc_col-sm-8 vc_col-md-offset-3 vc_col-md-6 vc_col-sm-offset-2\"><div class=\"vc_column-inner vc_custom_1606157930054\"><div class=\"wpb_wrapper\">[ld_fancy_heading tag=&#8221;h2&#8243;]KCS EUROPE[\/ld_fancy_heading][ld_fancy_heading tag=&#8221;p&#8221; padding=&#8221;right_large:10%25|left_large:10%25&#8243;]Erfahren Sie mehr \u00fcber die PVD-Technologie, unsere applikationsbezogenen L\u00f6sungen und Produkte sowie unsere Forschungst\u00e4tigkeiten[\/ld_fancy_heading]<\/div><\/div><\/div><div class=\"wpb_column vc_column_container vc_col-sm-8 vc_col-md-offset-0 vc_col-md-4 vc_col-sm-offset-2\"><div class=\"vc_column-inner vc_custom_1611648922928\"><div class=\"wpb_wrapper\">[ld_flipbox shadow=&#8221;ld-flipbox-shadow&#8221; border_radius=&#8221;round&#8221; bg_image=&#8221;5566&#8243; bg_color=&#8221;linear-gradient(0deg, rgb(0, 161, 154) 0.3184713375796178%, rgba(24,27,49,0) 44.904458598726116%)&#8221; back_bg_color=&#8221;rgb(15, 20, 78)&#8221;][ld_flipbox_section title=&#8221;Front&#8221;]<div class=\"vc_row wpb_row vc_inner vc_row-fluid\"><div class=\"wpb_column vc_column_container vc_col-sm-12 vc_col-lg-12\"><div class=\"vc_column-inner vc_custom_1611648825992\"><div class=\"wpb_wrapper\">[ld_fancy_heading tag=&#8221;h5&#8243; use_custom_fonts_title=&#8221;true&#8221; use_inheritance=&#8221;true&#8221; color=&#8221;rgb(255, 255, 255)&#8221; fs=&#8221;text_small:30px&#8221; lh=&#8221;text_small:1.2em&#8221; padding=&#8221;right_large:4%25&#8243;]Technologie[\/ld_fancy_heading]<\/div><\/div><\/div><\/div>[\/ld_flipbox_section][ld_flipbox_section title=&#8221;Back&#8221;][ld_button style=&#8221;btn-solid&#8221; title=&#8221;Mehr erfahren&#8221; shape=&#8221;round&#8221; size=&#8221;btn-sm&#8221; border=&#8221;border-none&#8221; hover_txt_effect=&#8221;btn-hover-txt-liquid-y&#8221; i_type=&#8221;linea&#8221; i_hover_reveal=&#8221;btn-hover-swp&#8221; i_add_icon=&#8221;true&#8221; color=&#8221;rgb(255, 255, 255)&#8221; text_color=&#8221;rgb(0, 0, 0)&#8221; css=&#8221;.vc_custom_1641227563379{padding-right: 0.5em !important;padding-left: 0.5em !important;}&#8221; i_icon_linea=&#8221;lqd-icn-ess icon-md-arrow-forward&#8221; hover_color=&#8221;rgb(37, 37, 37)&#8221; htext_color=&#8221;rgb(255, 255, 255)&#8221; link=&#8221;url:https%3A%2F%2Fkcs-europe.com%2Fsolutions%2F|title:Technologie||&#8221;][\/ld_flipbox_section][\/ld_flipbox]<\/div><\/div><\/div><div class=\"wpb_column vc_column_container vc_col-sm-8 vc_col-md-offset-0 vc_col-md-4 vc_col-sm-offset-2\"><div class=\"vc_column-inner vc_custom_1611648938372\"><div class=\"wpb_wrapper\">[ld_flipbox shadow=&#8221;ld-flipbox-shadow&#8221; border_radius=&#8221;round&#8221; bg_image=&#8221;5569&#8243; bg_color=&#8221;linear-gradient(0deg, #00a19a 0.3184713375796178%, rgba(24,27,49,0) 44.904458598726116%)&#8221; back_bg_color=&#8221;rgb(15, 20, 78)&#8221;][ld_flipbox_section title=&#8221;Front&#8221;]<div class=\"vc_row wpb_row vc_inner vc_row-fluid\"><div class=\"wpb_column vc_column_container vc_col-sm-12 vc_col-lg-12\"><div class=\"vc_column-inner vc_custom_1611648818516\"><div class=\"wpb_wrapper\">[ld_fancy_heading tag=&#8221;h5&#8243; use_custom_fonts_title=&#8221;true&#8221; use_inheritance=&#8221;true&#8221; color=&#8221;rgb(255, 255, 255)&#8221; fs=&#8221;text_small:30px&#8221; lh=&#8221;text_small:1.2em&#8221; padding=&#8221;right_large:12%25&#8243; link=&#8221;|title:Produkte||&#8221;]Produkte[\/ld_fancy_heading]<\/div><\/div><\/div><\/div>[\/ld_flipbox_section][ld_flipbox_section title=&#8221;Back&#8221;][ld_button style=&#8221;btn-solid&#8221; title=&#8221;Mehr erfahren&#8221; shape=&#8221;round&#8221; size=&#8221;btn-sm&#8221; border=&#8221;border-none&#8221; hover_txt_effect=&#8221;btn-hover-txt-liquid-y&#8221; i_type=&#8221;linea&#8221; i_hover_reveal=&#8221;btn-hover-swp&#8221; i_add_icon=&#8221;true&#8221; color=&#8221;rgb(255, 255, 255)&#8221; text_color=&#8221;rgb(0, 0, 0)&#8221; css=&#8221;.vc_custom_1642167444899{padding-right: 0.5em !important;padding-left: 0.5em !important;}&#8221; i_icon_linea=&#8221;lqd-icn-ess icon-md-arrow-forward&#8221; hover_color=&#8221;rgb(37, 37, 37)&#8221; htext_color=&#8221;rgb(255, 255, 255)&#8221; link=&#8221;url:https%3A%2F%2Fkcs-europe.com%2Fproducts%2F|title:Unsere%20Produkte||&#8221;][\/ld_flipbox_section][\/ld_flipbox]<\/div><\/div><\/div><div class=\"wpb_column vc_column_container vc_col-sm-8 vc_col-md-offset-0 vc_col-md-4 vc_col-sm-offset-2\"><div class=\"vc_column-inner vc_custom_1611648950378\"><div class=\"wpb_wrapper\">[ld_flipbox shadow=&#8221;ld-flipbox-shadow&#8221; border_radius=&#8221;round&#8221; bg_image=&#8221;6207&#8243; bg_color=&#8221;linear-gradient(0deg, #00a19a 0.3184713375796178%, rgba(24,27,49,0) 44.904458598726116%)&#8221; back_bg_color=&#8221;rgb(15, 20, 78)&#8221;][ld_flipbox_section title=&#8221;Front&#8221;]<div class=\"vc_row wpb_row vc_inner vc_row-fluid\"><div class=\"wpb_column vc_column_container vc_col-sm-12\"><div class=\"vc_column-inner vc_custom_1611648810938\"><div class=\"wpb_wrapper\">[ld_fancy_heading tag=&#8221;h5&#8243; use_custom_fonts_title=&#8221;true&#8221; use_inheritance=&#8221;true&#8221; color=&#8221;rgb(255, 255, 255)&#8221; fs=&#8221;text_small:30px&#8221; lh=&#8221;text_small:1.2em&#8221; padding=&#8221;right_large:12%25&#8243;]Forschung[\/ld_fancy_heading]<\/div><\/div><\/div><\/div>[\/ld_flipbox_section][ld_flipbox_section title=&#8221;Back&#8221;][ld_button style=&#8221;btn-solid&#8221; title=&#8221;Mehr erfahren&#8221; shape=&#8221;round&#8221; size=&#8221;btn-sm&#8221; border=&#8221;border-none&#8221; hover_txt_effect=&#8221;btn-hover-txt-liquid-y&#8221; i_type=&#8221;linea&#8221; i_hover_reveal=&#8221;btn-hover-swp&#8221; i_add_icon=&#8221;true&#8221; color=&#8221;rgb(255, 255, 255)&#8221; text_color=&#8221;rgb(0, 0, 0)&#8221; css=&#8221;.vc_custom_1641830992104{padding-right: 0.5em !important;padding-left: 0.5em !important;}&#8221; i_icon_linea=&#8221;lqd-icn-ess icon-md-arrow-forward&#8221; hover_color=&#8221;rgb(37, 37, 37)&#8221; htext_color=&#8221;rgb(255, 255, 255)&#8221; link=&#8221;url:https%3A%2F%2Fkcs-europe.com%2Fresearch-development%2F|title:Forschung%20%26%20Entwicklung||&#8221;][\/ld_flipbox_section][\/ld_flipbox]<\/div><\/div><\/div><\/div><div class=\"vc_row-full-width vc_clearfix\"><\/div><div class=\"vc_row wpb_row vc_row-fluid vc_custom_1635425058006 vc_row-has-fill vc_column-gap-15 vc_row-o-equal-height vc_row-o-content-middle vc_row-flex\"><div class=\"wpb_column vc_column_container vc_col-sm-12 vc_col-md-4\"><div class=\"vc_column-inner vc_custom_1610836127832\"><div class=\"wpb_wrapper\">[ld_images_group_container][ld_images_group_element img_size=&#8221;55%&#8221; enable_image_shadow=&#8221;yes&#8221; shadow_style=&#8221;4&#8243; enable_shadow=&#8221;yes&#8221; absolute_pos=&#8221;yes&#8221; image=&#8221;5130&#8243; position=&#8221;top_large:-15%25|left_large:-7vw|left_medium:10vw|top_small:-15%25|left_small:0px&#8221;][\/ld_images_group_element][ld_images_group_element img_size=&#8221;55%&#8221; enable_image_shadow=&#8221;yes&#8221; shadow_style=&#8221;4&#8243; enable_shadow=&#8221;yes&#8221; absolute_pos=&#8221;yes&#8221; image=&#8221;6266&#8243; position=&#8221;right_large:-30%25|right_medium:9vw|top_small:-26%25|right_small:0px&#8221;][\/ld_images_group_element][ld_images_group_element img_size=&#8221;55%&#8221; enable_effects=&#8221;yes&#8221; enable_image_shadow=&#8221;yes&#8221; shadow_style=&#8221;4&#8243; enable_shadow=&#8221;yes&#8221; image=&#8221;5568&#8243; margin=&#8221;top_large:90px&#8221; position=&#8221;left_large:0px|left_medium:25vw|left_small:18vw&#8221;][\/ld_images_group_element][\/ld_images_group_container]<\/div><\/div><\/div><div class=\"wpb_column vc_column_container vc_col-sm-12 vc_col-lg-offset-2 vc_col-lg-6 vc_col-md-offset-1 vc_col-md-6\"><div class=\"vc_column-inner\"><div class=\"wpb_wrapper\">[ld_fancy_heading tag=&#8221;h6&#8243; margin=&#8221;bottom_small:2em&#8221; color=&#8221;rgb(38, 170, 112)&#8221;]Warum KCS Europe?[\/ld_fancy_heading][ld_fancy_heading tag=&#8221;p&#8221; use_custom_fonts_title=&#8221;true&#8221; fs=&#8221;text_small:16px&#8221; lh=&#8221;text_small:26px&#8221; margin=&#8221;bottom_small:1.625em&#8221; padding=&#8221;right_large:12%25&#8243;]<\/p>\n<p class=\"animate-box fadeInUp animated-fast\">Bei KCS Europe entwickeln und produzieren wir die weltweit besten Beschichtungsl\u00f6sungen f\u00fcr jeden Anwendungsbereich.<\/p>\n<p class=\"animate-box fadeInUp animated-fast\"><strong>Wie uns das gelingt?<\/strong><\/p>\n<p class=\"animate-box fadeInUp animated-fast\">Durch unseren Technologiepartner Kobe Steel sowie eine hohe Flexibilit\u00e4t, Innovationskraft, Erfahrung, Kundenn\u00e4he und den Mut, neue Wege zu gehen.<\/p>\n<p>[\/ld_fancy_heading]<div class=\"vc_row wpb_row vc_inner vc_row-fluid vc_column-gap-15\"><div class=\"wpb_column vc_column_container vc_col-sm-6\"><div class=\"vc_column-inner\"><div class=\"wpb_wrapper\">[ld_icon_box i_type=&#8221;linea&#8221; heading_size=&#8221;custom&#8221; heading_weight=&#8221;font-weight-normal&#8221; i_shape=&#8221;circle&#8221; i_border=&#8221;&#8221; position=&#8221;iconbox-side&#8221; i_icon_linea=&#8221;lqd-icn-ess icon-ion-ios-checkmark&#8221; title=&#8221;Starke Partnerschaft \u2013 KCS Europe &amp; Kobe Steel&#8221; title_mb=&#8221;1&#8243; icon_size=&#8221;14px&#8221; custom_i_size=&#8221;24px&#8221; css=&#8221;.vc_custom_1639407083733{margin-bottom: 35px !important;}&#8221; i_color=&#8221;rgb(25, 128, 46)&#8221; shape_color=&#8221;rgba(16, 255, 34, 0.13)&#8221; custom_heading_size=&#8221;15px&#8221;][\/ld_icon_box][ld_icon_box i_type=&#8221;linea&#8221; heading_size=&#8221;custom&#8221; heading_weight=&#8221;font-weight-normal&#8221; i_shape=&#8221;circle&#8221; i_border=&#8221;&#8221; position=&#8221;iconbox-side&#8221; i_icon_linea=&#8221;lqd-icn-ess icon-ion-ios-checkmark&#8221; title=&#8221;Applikationsbezogene Beschichtungsl\u00f6sungen&#8221; title_mb=&#8221;1&#8243; icon_size=&#8221;14px&#8221; custom_i_size=&#8221;24px&#8221; css=&#8221;.vc_custom_1635434025757{margin-bottom: 35px !important;}&#8221; i_color=&#8221;rgb(25, 128, 46)&#8221; shape_color=&#8221;rgba(16, 255, 34, 0.13)&#8221; custom_heading_size=&#8221;15px&#8221;][\/ld_icon_box][ld_icon_box i_type=&#8221;linea&#8221; heading_size=&#8221;custom&#8221; heading_weight=&#8221;font-weight-normal&#8221; i_shape=&#8221;circle&#8221; i_border=&#8221;&#8221; position=&#8221;iconbox-side&#8221; i_icon_linea=&#8221;lqd-icn-ess icon-ion-ios-checkmark&#8221; title=&#8221;Entwicklung von Anlagenkonzepten&#8221; title_mb=&#8221;1&#8243; custom_heading_size=&#8221;15px&#8221; icon_size=&#8221;14px&#8221; custom_i_size=&#8221;24px&#8221; css=&#8221;.vc_custom_1626968261470{margin-bottom: 35px !important;}&#8221; i_color=&#8221;rgb(25, 128, 46)&#8221; shape_color=&#8221;rgba(16, 255, 34, 0.13)&#8221;][\/ld_icon_box][ld_icon_box i_type=&#8221;linea&#8221; heading_size=&#8221;custom&#8221; heading_weight=&#8221;font-weight-normal&#8221; i_shape=&#8221;circle&#8221; i_border=&#8221;&#8221; position=&#8221;iconbox-side&#8221; i_icon_linea=&#8221;lqd-icn-ess icon-ion-ios-checkmark&#8221; title=&#8221;Zertifizierte Forschungs- &amp; Entwicklungsabteilung&#8221; title_mb=&#8221;1&#8243; custom_heading_size=&#8221;15px&#8221; icon_size=&#8221;14px&#8221; custom_i_size=&#8221;24px&#8221; css=&#8221;.vc_custom_1626968276699{margin-bottom: 35px !important;}&#8221; i_color=&#8221;rgb(25, 128, 46)&#8221; shape_color=&#8221;rgba(16, 255, 34, 0.13)&#8221;][\/ld_icon_box]<\/div><\/div><\/div><div class=\"wpb_column vc_column_container vc_col-sm-6\"><div class=\"vc_column-inner\"><div class=\"wpb_wrapper\">[ld_icon_box i_type=&#8221;linea&#8221; heading_size=&#8221;custom&#8221; heading_weight=&#8221;font-weight-normal&#8221; i_shape=&#8221;circle&#8221; i_border=&#8221;&#8221; position=&#8221;iconbox-side&#8221; i_icon_linea=&#8221;lqd-icn-ess icon-ion-ios-checkmark&#8221; title=&#8221;Exklusiver, lebenslanger Support&#8221; title_mb=&#8221;1&#8243; custom_heading_size=&#8221;15px&#8221; icon_size=&#8221;14px&#8221; custom_i_size=&#8221;24px&#8221; css=&#8221;.vc_custom_1626968283478{margin-bottom: 35px !important;}&#8221; i_color=&#8221;rgb(25, 128, 46)&#8221; shape_color=&#8221;rgba(16, 255, 34, 0.13)&#8221;][\/ld_icon_box][ld_icon_box i_type=&#8221;linea&#8221; heading_size=&#8221;custom&#8221; heading_weight=&#8221;font-weight-normal&#8221; i_shape=&#8221;circle&#8221; i_border=&#8221;&#8221; position=&#8221;iconbox-side&#8221; i_icon_linea=&#8221;lqd-icn-ess icon-ion-ios-checkmark&#8221; title=&#8221;Moderne &amp; innovative Technologien&#8221; title_mb=&#8221;1&#8243; custom_heading_size=&#8221;15px&#8221; icon_size=&#8221;14px&#8221; custom_i_size=&#8221;24px&#8221; css=&#8221;.vc_custom_1626968290263{margin-bottom: 35px !important;}&#8221; i_color=&#8221;rgb(25, 128, 46)&#8221; shape_color=&#8221;rgba(16, 255, 34, 0.13)&#8221;][\/ld_icon_box][ld_icon_box i_type=&#8221;linea&#8221; heading_size=&#8221;custom&#8221; heading_weight=&#8221;font-weight-normal&#8221; i_shape=&#8221;circle&#8221; i_border=&#8221;&#8221; position=&#8221;iconbox-side&#8221; i_icon_linea=&#8221;lqd-icn-ess icon-ion-ios-checkmark&#8221; title=&#8221;Hervorragender Service&#8221; title_mb=&#8221;1&#8243; custom_heading_size=&#8221;15px&#8221; icon_size=&#8221;14px&#8221; custom_i_size=&#8221;24px&#8221; css=&#8221;.vc_custom_1626968297250{margin-bottom: 35px !important;}&#8221; i_color=&#8221;rgb(25, 128, 46)&#8221; shape_color=&#8221;rgba(16, 255, 34, 0.13)&#8221;][\/ld_icon_box][ld_icon_box i_type=&#8221;linea&#8221; heading_size=&#8221;custom&#8221; heading_weight=&#8221;font-weight-normal&#8221; i_shape=&#8221;circle&#8221; i_border=&#8221;&#8221; position=&#8221;iconbox-side&#8221; i_icon_linea=&#8221;lqd-icn-ess icon-ion-ios-checkmark&#8221; title=&#8221;Ausgezeichnetes Preis-Leistungs-Verh\u00e4ltnis&#8221; title_mb=&#8221;1&#8243; custom_heading_size=&#8221;15px&#8221; icon_size=&#8221;14px&#8221; custom_i_size=&#8221;24px&#8221; css=&#8221;.vc_custom_1626968305222{margin-bottom: 35px !important;}&#8221; i_color=&#8221;rgb(25, 128, 46)&#8221; shape_color=&#8221;rgba(16, 255, 34, 0.13)&#8221;][\/ld_icon_box]<\/div><\/div><\/div><\/div><\/div><\/div><\/div><\/div>\n","protected":false},"excerpt":{"rendered":"[ld_fancy_heading tag=\"p\" enable_bg=\"yes\" fh_border_radius=\"round\" use_custom_fonts_title=\"true\" color=\"rgb(0, 0, 0)\" fs=\"text_small:13px\" lh=\"text_small:1em\" padding=\"top_small:0.5em|right_small:1em|bottom_small:0.5em|left_small:1em\" fh_bg=\"rgb(255, 255, 255)\" margin=\"bottom_small:2em\"]KCS EUROPE[\/ld_fancy_heading][ld_fancy_heading split_type=\"chars, words\" duration=\"1200\" delay=\"25\" easing=\"expo.out\" direction=\"random\" ca_init_scale_x=\"1\" ca_init_scale_y=\"1\" ca_init_opacity=\"0\" ca_an_scale_x=\"1\" ca_an_scale_y=\"1\" ca_an_opacity=\"1\" use_custom_fonts_title=\"true\" use_inheritance=\"true\" enable_split=\"true\" ca_init_scale_z=\"1\" ca_an_scale_z=\"1\" color=\"rgb(255, 255, 255)\" fs=\"text_large:5vw|text_medium:11vw|text_small:12vw\" ca_init_translate_y=\"-60\" ls=\"text_small:-0.02em\"][ld_highlight]LEADING[\/ld_highlight] IN ADVANCED MATERIALS[\/ld_fancy_heading][ld_fancy_heading tag=\"p\" tag_to_inherite=\"h4\" use_inheritance=\"true\" color=\"rgb(255, 255, 255)\" margin=\"right_large:3vw|bottom_small:1.35em\"]Ihr Partner f\u00fcr PVD Beschichtungsl\u00f6sungen.[\/ld_fancy_heading][ld_fancy_heading tag=\"h4\" alignment=\"text-right\" [...]","protected":false},"author":1,"featured_media":0,"parent":0,"menu_order":0,"comment_status":"closed","ping_status":"closed","template":"","meta":{"_monsterinsights_skip_tracking":false,"_monsterinsights_sitenote_active":false,"_monsterinsights_sitenote_note":"","_monsterinsights_sitenote_category":0,"footnotes":""},"class_list":["post-5010","page","type-page","status-publish","hentry"],"_links":{"self":[{"href":"https:\/\/kcs-europe.com\/en\/wp-json\/wp\/v2\/pages\/5010","targetHints":{"allow":["GET"]}}],"collection":[{"href":"https:\/\/kcs-europe.com\/en\/wp-json\/wp\/v2\/pages"}],"about":[{"href":"https:\/\/kcs-europe.com\/en\/wp-json\/wp\/v2\/types\/page"}],"author":[{"embeddable":true,"href":"https:\/\/kcs-europe.com\/en\/wp-json\/wp\/v2\/users\/1"}],"replies":[{"embeddable":true,"href":"https:\/\/kcs-europe.com\/en\/wp-json\/wp\/v2\/comments?post=5010"}],"version-history":[{"count":5,"href":"https:\/\/kcs-europe.com\/en\/wp-json\/wp\/v2\/pages\/5010\/revisions"}],"predecessor-version":[{"id":6337,"href":"https:\/\/kcs-europe.com\/en\/wp-json\/wp\/v2\/pages\/5010\/revisions\/6337"}],"wp:attachment":[{"href":"https:\/\/kcs-europe.com\/en\/wp-json\/wp\/v2\/media?parent=5010"}],"curies":[{"name":"wp","href":"https:\/\/api.w.org\/{rel}","templated":true}]}}