{"id":4442,"date":"2020-11-20T10:15:25","date_gmt":"2020-11-20T09:15:25","guid":{"rendered":"https:\/\/asymmetric-businesspro.liquid-themes.com\/?page_id=4442"},"modified":"2022-01-26T11:49:05","modified_gmt":"2022-01-26T10:49:05","slug":"solutions","status":"publish","type":"page","link":"https:\/\/kcs-europe.com\/en\/solutions\/","title":{"rendered":"Technology"},"content":{"rendered":"<div class=\"vc_row wpb_row vc_row-fluid vc_custom_1631281013380 vc_row-has-fill vc_column-gap-15\"><div class=\"wpb_column vc_column_container vc_col-sm-12 vc_col-md-8\"><div class=\"vc_column-inner\"><div class=\"wpb_wrapper\">[ld_fancy_heading tag=&#8221;h6&#8243; transform=&#8221;text-uppercase&#8221; enable_bg=&#8221;yes&#8221; fh_border_radius=&#8221;circle&#8221; use_custom_fonts_title=&#8221;true&#8221; color=&#8221;rgb(255, 255, 255)&#8221; fs=&#8221;text_small:13px&#8221; fw=&#8221;text_small:700&#8243; ls=&#8221;text_small:0.1em&#8221; padding=&#8221;top_small:5px|right_small:10px|bottom_small:5px|left_small:10px&#8221; fh_bg=&#8221;#00154c&#8221; margin=&#8221;bottom_small:1.5em&#8221;]Advanced materials engineering[\/ld_fancy_heading][ld_fancy_heading use_custom_fonts_title=&#8221;true&#8221; color=&#8221;rgb(255, 255, 255)&#8221; fs=&#8221;text_medium:70px&#8221; lh=&#8221;text_small:1em&#8221; fw=&#8221;text_small:500&#8243; margin=&#8221;bottom_small:0.3em&#8221;]Technologie[\/ld_fancy_heading]<\/div><\/div><\/div><\/div><div class=\"vc_row wpb_row vc_row-fluid vc_custom_1605879606612 vc_column-gap-15\"><div class=\"wpb_column vc_column_container vc_col-sm-12 vc_col-md-5\"><div class=\"vc_column-inner vc_custom_1605879352699\"><div class=\"wpb_wrapper\">[ld_fancy_heading tag=&#8221;h2&#8243; use_custom_fonts_title=&#8221;true&#8221; fs=&#8221;text_large:50px|text_medium:35px|text_small:33px&#8221; lh=&#8221;text_small:1.1em&#8221;]DIE PVD-TECHNOLOGIE[\/ld_fancy_heading]<\/div><\/div><\/div><div class=\"wpb_column vc_column_container vc_col-sm-6 vc_col-md-4\"><div class=\"vc_column-inner vc_custom_1605879359855\"><div class=\"wpb_wrapper\">[ld_fancy_heading tag=&#8221;p&#8221; use_custom_fonts_title=&#8221;true&#8221; fs=&#8221;text_small:16px&#8221; lh=&#8221;text_small:1.25em&#8221; color=&#8221;rgb(0, 0, 0)&#8221; margin=&#8221;bottom_small:1.25em&#8221;]Die Abk\u00fcrzung PVD steht f\u00fcr physikalische Gasphasenabscheidung (Physical Vapor Deposition), bei welcher die Oberfl\u00e4chen vorwiegend metallischer oder keramischer Substrate in umweltschonenden Vakuumprozessen mit extrem d\u00fcnnen Schichten \u00fcberzogen werden.<\/p>\n<p>Dies gelingt durch die zwei unterschiedlichen Beschichtungsverfahren Sputtern oder Arc-Verdampfen, welchen gemeinsam ist,[\/ld_fancy_heading]<\/div><\/div><\/div><div class=\"wpb_column vc_column_container vc_col-sm-6 vc_col-md-3\"><div class=\"vc_column-inner vc_custom_1605879367013\"><div class=\"wpb_wrapper\">[ld_fancy_heading tag=&#8221;p&#8221; use_custom_fonts_title=&#8221;true&#8221; fs=&#8221;text_small:16px&#8221; lh=&#8221;text_small:1.25em&#8221; color=&#8221;rgb(0, 0, 0)&#8221; margin=&#8221;bottom_small:1.25em&#8221;]dass unterschiedliche Materialien im gasf\u00f6rmigen Zustand auf der Oberfl\u00e4che der Substrate abgeschieden werden.<\/p>\n<p>Da die diesen Verfahren zugrundeliegenden Prozesstemperaturen sehr niedrig sind und ggf. sogar bei Raumtemperatur ablaufen, kann eine strukturelle Ver\u00e4nderung von St\u00e4hlen ausgeschlossen werden.[\/ld_fancy_heading]<\/div><\/div><\/div><\/div><div class=\"vc_row wpb_row vc_row-fluid vc_custom_1605878911395 vc_column-gap-15 vc_row-o-content-middle vc_row-flex\"><div class=\"wpb_column vc_column_container vc_col-sm-6 vc_col-md-5\"><div class=\"vc_column-inner vc_custom_1605879689061\"><div class=\"wpb_wrapper\">[ld_fancy_heading tag=&#8221;h2&#8243; use_custom_fonts_title=&#8221;true&#8221; fs=&#8221;text_large:50px|text_medium:38px&#8221; lh=&#8221;text_small:1.1em&#8221;]Ziele der PVD-Beschichtung[\/ld_fancy_heading][vc_accordion size=&#8221;md&#8221; borders=&#8221;accordion-title-underlined&#8221; show_icon=&#8221;yes&#8221; i_add_icon=&#8221;true&#8221; i_type=&#8221;linea&#8221; active_add_icon=&#8221;true&#8221; active_type=&#8221;linea&#8221; use_custom_fonts_title=&#8221;true&#8221; active_tab=&#8221;-1&#8243; fs=&#8221;17px&#8221; i_icon_linea=&#8221;lqd-icn-ess icon-ion-ios-add&#8221; active_icon_linea=&#8221;lqd-icn-ess icon-ion-ios-remove&#8221; bottom_margin=&#8221;10px&#8221;][vc_accordion_tab title=&#8221;PVD-Beschichtungen sch\u00fctzen Ihre Werkzeuge&#8221; tab_id=&#8221;lqd-1605875448585-5a901b10-1fe0&#8243;][ld_fancy_heading tag=&#8221;p&#8221; use_custom_fonts_title=&#8221;true&#8221; fs=&#8221;text_small:16px&#8221; lh=&#8221;text_small:1.25em&#8221; color=&#8221;rgb(0, 0, 0)&#8221; margin=&#8221;bottom_small:1.25em&#8221;]Das Ziel der PVD-Beschichtungen, welche heutzutage zu den f\u00fchrenden Technologien hinsichtlich Verschlei\u00dfschutz, Reibungs- sowie Erosions- und Korrosionsminderung, Verl\u00e4ngerung der Lebensdauer und Verbesserung der Oberfl\u00e4chenh\u00e4rte geh\u00f6ren, besteht letztendlich in der Verbesserung der Produktivit\u00e4t, Leistungsf\u00e4higkeit und Qualit\u00e4t der unternehmerischen Produktion in einer Vielzahl unterschiedlicher Bereiche.[\/ld_fancy_heading][\/vc_accordion_tab][vc_accordion_tab title=&#8221;Auf die Umwelt achten \u2013 Beschichten Sie Ihre Werkzeuge&#8221; tab_id=&#8221;lqd-1605875526171-916719ef-59df&#8221;][ld_fancy_heading tag=&#8221;p&#8221; use_custom_fonts_title=&#8221;true&#8221; fs=&#8221;text_small:16px&#8221; lh=&#8221;text_small:1.25em&#8221; color=&#8221;rgb(0, 0, 0)&#8221; margin=&#8221;bottom_small:1.25em&#8221;]PVD-Beschichtungen sind dank einer Vielzahl unterschiedlicher Aspekte sehr umweltfreundlich. So werden w\u00e4hrend des Prozesses nur wenige Ressourcen genutzt und es entstehen nur geringe Mengen an Abfallstoffen und Abgasen. Dar\u00fcber hinaus werden die Haltbarkeit und Lebensdauer der Werkzeuge deutlich verbessert und die Umwelt so geschont.[\/ld_fancy_heading][\/vc_accordion_tab][\/vc_accordion]<\/div><\/div><\/div><div class=\"wpb_column vc_column_container vc_col-sm-6 vc_col-md-offset-1\"><div class=\"vc_column-inner\"><div class=\"wpb_wrapper\">[ld_images_group_element parallax=&#8221;yes&#8221; scale_from_x=&#8221;1.2&#8243; scale_from_y=&#8221;1.2&#8243; from_opacity=&#8221;1&#8243; scale_to_x=&#8221;1.2&#8243; scale_to_y=&#8221;1.2&#8243; to_opacity=&#8221;1&#8243; parallax_overflow=&#8221;yes&#8221; scale_from_z=&#8221;1&#8243; scale_to_z=&#8221;1&#8243; image=&#8221;5562&#8243; margin=&#8221;right_medium:-22vw&#8221; translate_from_y=&#8221;-120&#8243; translate_to_y=&#8221;120&#8243;][\/ld_images_group_element]<\/div><\/div><\/div><\/div><div class=\"vc_row wpb_row vc_row-fluid vc_custom_1605878924234 vc_column-gap-15 vc_row-o-content-middle vc_row-flex\"><div class=\"wpb_column vc_column_container vc_col-sm-6\"><div class=\"vc_column-inner\"><div class=\"wpb_wrapper\">[ld_images_group_element parallax=&#8221;yes&#8221; scale_from_x=&#8221;1.2&#8243; scale_from_y=&#8221;1.2&#8243; from_opacity=&#8221;1&#8243; scale_to_x=&#8221;1.2&#8243; scale_to_y=&#8221;1.2&#8243; to_opacity=&#8221;1&#8243; parallax_overflow=&#8221;yes&#8221; scale_from_z=&#8221;1&#8243; scale_to_z=&#8221;1&#8243; image=&#8221;5130&#8243; margin=&#8221;left_medium:-22vw&#8221; translate_from_y=&#8221;-120&#8243; translate_to_y=&#8221;120&#8243;][\/ld_images_group_element]<\/div><\/div><\/div><div class=\"wpb_column vc_column_container vc_col-sm-6 vc_col-md-offset-0 vc_col-md-4\"><div class=\"vc_column-inner vc_custom_1641230731160\"><div class=\"wpb_wrapper\">[ld_fancy_heading tag=&#8221;h2&#8243; use_custom_fonts_title=&#8221;true&#8221; fs=&#8221;text_large:56px|text_medium:35px|text_small:33px&#8221; lh=&#8221;text_small:1.1em&#8221;]Warum PVD-Beschichtungsanlagen von KCS Europe?[\/ld_fancy_heading][ld_icon_box i_type=&#8221;linea&#8221; heading_size=&#8221;custom&#8221; heading_weight=&#8221;font-weight-normal&#8221; i_shape=&#8221;circle&#8221; i_border=&#8221;&#8221; position=&#8221;iconbox-side&#8221; i_icon_linea=&#8221;lqd-icn-ess icon-ion-ios-checkmark&#8221; title=&#8221;Erh\u00f6hung der Produktivit\u00e4t&#8221; title_mb=&#8221;1&#8243; icon_size=&#8221;14px&#8221; custom_i_size=&#8221;24px&#8221; css=&#8221;.vc_custom_1635847249738{margin-bottom: 35px !important;}&#8221; i_color=&#8221;rgb(25, 128, 46)&#8221; shape_color=&#8221;rgba(16, 255, 34, 0.13)&#8221; custom_heading_size=&#8221;15px&#8221;][\/ld_icon_box][ld_icon_box i_type=&#8221;linea&#8221; heading_size=&#8221;custom&#8221; heading_weight=&#8221;font-weight-normal&#8221; i_shape=&#8221;circle&#8221; i_border=&#8221;&#8221; position=&#8221;iconbox-side&#8221; i_icon_linea=&#8221;lqd-icn-ess icon-ion-ios-checkmark&#8221; title=&#8221;Erh\u00f6hung der Lebensdauer&#8221; title_mb=&#8221;1&#8243; icon_size=&#8221;14px&#8221; custom_i_size=&#8221;24px&#8221; css=&#8221;.vc_custom_1635847262291{margin-bottom: 35px !important;}&#8221; i_color=&#8221;rgb(25, 128, 46)&#8221; shape_color=&#8221;rgba(16, 255, 34, 0.13)&#8221; custom_heading_size=&#8221;15px&#8221;][\/ld_icon_box][ld_icon_box i_type=&#8221;linea&#8221; heading_size=&#8221;custom&#8221; heading_weight=&#8221;font-weight-normal&#8221; i_shape=&#8221;circle&#8221; i_border=&#8221;&#8221; position=&#8221;iconbox-side&#8221; i_icon_linea=&#8221;lqd-icn-ess icon-ion-ios-checkmark&#8221; title=&#8221;Verringerung der Kosten&#8221; title_mb=&#8221;1&#8243; icon_size=&#8221;14px&#8221; custom_i_size=&#8221;24px&#8221; css=&#8221;.vc_custom_1635847278182{margin-bottom: 35px !important;}&#8221; i_color=&#8221;rgb(25, 128, 46)&#8221; shape_color=&#8221;rgba(16, 255, 34, 0.13)&#8221; custom_heading_size=&#8221;15px&#8221;][\/ld_icon_box][ld_icon_box i_type=&#8221;linea&#8221; heading_size=&#8221;custom&#8221; heading_weight=&#8221;font-weight-normal&#8221; i_shape=&#8221;circle&#8221; i_border=&#8221;&#8221; position=&#8221;iconbox-side&#8221; i_icon_linea=&#8221;lqd-icn-ess icon-ion-ios-checkmark&#8221; title=&#8221;Schutz der Umwelt&#8221; title_mb=&#8221;1&#8243; icon_size=&#8221;14px&#8221; custom_i_size=&#8221;24px&#8221; css=&#8221;.vc_custom_1635847287563{margin-bottom: 35px !important;}&#8221; i_color=&#8221;rgb(25, 128, 46)&#8221; shape_color=&#8221;rgba(16, 255, 34, 0.13)&#8221; custom_heading_size=&#8221;15px&#8221;][\/ld_icon_box]<\/div><\/div><\/div><\/div><div id=\"services\" class=\"vc_row wpb_row vc_row-fluid vc_custom_1627315563474 vc_column-gap-35 vc_row-o-content-top vc_row-flex\"><div class=\"wpb_column vc_column_container vc_col-sm-12 vc_col-md-6\"><div class=\"vc_column-inner\"><div class=\"wpb_wrapper\">\n\t<div  class=\"wpb_single_image wpb_content_element vc_align_  liquid_vc_single_image-69de727882207\">\n\t\t\n\t\t<figure class=\"wpb_wrapper vc_figure\">\n\t\t\t<div class=\"vc_single_image-wrapper   \"><img decoding=\"async\" width=\"800\" height=\"600\" src=\"data:image\/svg+xml;charset=utf-8,%3Csvg xmlns%3D&#039;http%3A%2F%2Fwww.w3.org%2F2000%2Fsvg&#039; viewBox%3D&#039;0 0 800 600&#039;%2F%3E\" class=\"vc_single_image-img attachment-full ld-lazyload\" alt=\"\" title=\"ntczndc2odc5mdax\" itemprop=\"image\" data-src=\"https:\/\/kcs-europe.com\/wp-content\/uploads\/2021\/09\/ntczndc2odc5mdax.jpeg\" data-srcset=\"https:\/\/kcs-europe.com\/wp-content\/uploads\/2021\/09\/ntczndc2odc5mdax.jpeg 800w, https:\/\/kcs-europe.com\/wp-content\/uploads\/2021\/09\/ntczndc2odc5mdax-300x225.jpeg 300w, https:\/\/kcs-europe.com\/wp-content\/uploads\/2021\/09\/ntczndc2odc5mdax-16x12.jpeg 16w\" data-sizes=\"(max-width: 800px) 100vw, 800px\" data-aspect=\"1.3333333333333\" \/><\/div>\n\t\t<\/figure>\n\t<\/div>\n[ld_fancy_heading tag=&#8221;h4&#8243; use_custom_fonts_title=&#8221;true&#8221; fs=&#8221;text_large:50px|text_medium:38px&#8221; lh=&#8221;text_small:1.1em&#8221;]ARC[\/ld_fancy_heading][vc_accordion size=&#8221;md&#8221; borders=&#8221;accordion-title-underlined&#8221; show_icon=&#8221;yes&#8221; i_add_icon=&#8221;true&#8221; i_type=&#8221;linea&#8221; active_add_icon=&#8221;true&#8221; active_type=&#8221;linea&#8221; use_custom_fonts_title=&#8221;true&#8221; active_tab=&#8221;-1&#8243; fs=&#8221;17px&#8221; i_icon_linea=&#8221;lqd-icn-ess icon-ion-ios-add&#8221; active_icon_linea=&#8221;lqd-icn-ess icon-ion-ios-remove&#8221; bottom_margin=&#8221;10px&#8221;][vc_accordion_tab title=&#8221;Arc ist neben dem Sputtering eines der am h\u00e4ufigsten verwendeten Verfahren der physikalischen Gasphasenabscheidung.&#8221; tab_id=&#8221;lqd-1627315208513-7a0caadf-20c8&#8243;][ld_fancy_heading tag=&#8221;p&#8221; use_custom_fonts_title=&#8221;true&#8221; fs=&#8221;text_small:16px&#8221; lh=&#8221;text_small:1.25em&#8221; color=&#8221;rgb(0, 0, 0)&#8221; margin=&#8221;bottom_small:1.25em&#8221;]<\/p>\n<div class=\"animate-box fadeInUp animated-fast\">\n<p>Hierbei ist der Arc eine lokale Entladung, bei welcher Punkttemperaturen von bis zu 15.000\u00b0C auftreten, welche das Targetmaterial verdampfen. Die so entstandene Gasphase besteht aus ionisierten und neutralen Teilchen und wird entsprechend als Plasma bezeichnet. Zus\u00e4tzlich k\u00f6nnen reaktive Gase wie O<sub>2<\/sub>\u00a0oder N<sub>2<\/sub>, welche die Synthese von Mischphasen wie Al<sub>2<\/sub>O<sub>3<\/sub>\u00a0oder TiN erm\u00f6glichen, dem Prozess beigef\u00fcgt werden. Das verdampfte Targetmaterial wird durch diese Plasmaphase transportiert und kann auf der Probenoberfl\u00e4che kondensieren, wobei eine D\u00fcnnschicht gebildet wird. Durch das Anlegen eines elektrischen Potentials an der Probe, dem so genannten Bias-Potential, k\u00f6nnen die ionisierten Spezies zus\u00e4tzlich beschleunigt und deren Energetik eingestellt werden. Dadurch k\u00f6nnen die Eigenschaften der D\u00fcnnschicht und letztendlich des Werkzeuges gezielt optimiert werden. Zu diesen Eigenschaften geh\u00f6ren D\u00fcnnschicht-Struktur, H\u00e4rte, Spannungen, Dichte und viele weitere.<\/p>\n<\/div>\n<div class=\"animate-box fadeInUp animated-fast\">\n<p>Die Verwendung verschiedener Leistungsversorgungen erm\u00f6glicht die Synthese von verschiedensten metallischen und keramischen Schichten sowie Verbundwerkstoffen einschlie\u00dflich leitender und isolierender Materialien. Zus\u00e4tzlich erm\u00f6glicht die direkte Beeinflussung der Teilchenenergetik signifikant geringere Prozesstemperaturen im Vergleich zu Standard-CVD (Chemische Gasphasenabscheidung)-Prozessen.<\/p>\n<\/div>\n<p>[\/ld_fancy_heading][\/vc_accordion_tab][\/vc_accordion]<\/div><\/div><\/div><div class=\"wpb_column vc_column_container vc_col-sm-12 vc_col-md-6\" id=\"fancy-box-carousel-nav\"><div class=\"vc_column-inner\"><div class=\"wpb_wrapper\">\n\t<div  class=\"wpb_single_image wpb_content_element vc_align_  liquid_vc_single_image-69de72789a335\">\n\t\t\n\t\t<figure class=\"wpb_wrapper vc_figure\">\n\t\t\t<div class=\"vc_single_image-wrapper   \"><img decoding=\"async\" width=\"800\" height=\"600\" src=\"data:image\/svg+xml;charset=utf-8,%3Csvg xmlns%3D&#039;http%3A%2F%2Fwww.w3.org%2F2000%2Fsvg&#039; viewBox%3D&#039;0 0 800 600&#039;%2F%3E\" class=\"vc_single_image-img attachment-full ld-lazyload\" alt=\"\" title=\"mjezmtc3mtuxmtawmq\" itemprop=\"image\" data-src=\"https:\/\/kcs-europe.com\/wp-content\/uploads\/2021\/09\/mjezmtc3mtuxmtawmq.jpeg\" data-srcset=\"https:\/\/kcs-europe.com\/wp-content\/uploads\/2021\/09\/mjezmtc3mtuxmtawmq.jpeg 800w, https:\/\/kcs-europe.com\/wp-content\/uploads\/2021\/09\/mjezmtc3mtuxmtawmq-300x225.jpeg 300w, https:\/\/kcs-europe.com\/wp-content\/uploads\/2021\/09\/mjezmtc3mtuxmtawmq-16x12.jpeg 16w\" data-sizes=\"(max-width: 800px) 100vw, 800px\" data-aspect=\"1.3333333333333\" \/><\/div>\n\t\t<\/figure>\n\t<\/div>\n[ld_fancy_heading tag=&#8221;h4&#8243; use_custom_fonts_title=&#8221;true&#8221; fs=&#8221;text_large:50px|text_medium:38px&#8221; lh=&#8221;text_small:1.1em&#8221;]SPUTTERN[\/ld_fancy_heading][vc_accordion size=&#8221;md&#8221; borders=&#8221;accordion-title-underlined&#8221; show_icon=&#8221;yes&#8221; i_add_icon=&#8221;true&#8221; i_type=&#8221;linea&#8221; active_add_icon=&#8221;true&#8221; active_type=&#8221;linea&#8221; use_custom_fonts_title=&#8221;true&#8221; active_tab=&#8221;-1&#8243; fs=&#8221;17px&#8221; i_icon_linea=&#8221;lqd-icn-ess icon-ion-ios-add&#8221; active_icon_linea=&#8221;lqd-icn-ess icon-ion-ios-remove&#8221; bottom_margin=&#8221;10px&#8221;][vc_accordion_tab title=&#8221;Sputtering ist neben dem Arc-Verfahren die am h\u00e4ufigsten verwendete Methode der physikalischen Gasphasenabscheidung.&#8221; tab_id=&#8221;lqd-1627315281263-a130629b-7f30&#8243;][ld_fancy_heading tag=&#8221;p&#8221; use_custom_fonts_title=&#8221;true&#8221; fs=&#8221;text_small:16px&#8221; lh=&#8221;text_small:1.25em&#8221; color=&#8221;rgb(0, 0, 0)&#8221; margin=&#8221;bottom_small:1.25em&#8221;]<\/p>\n<div class=\"animate-box fadeInUp animated-fast\">\n<div class=\"animate-box fadeInUp animated-fast\">\n<p>W\u00e4hrend des Prozesses wird ein Inertgas wie Ar oder Kr in die Beschichtungskammer eingef\u00fchrt, ionisiert und durch ein negatives Potential auf das zu zerst\u00e4ubende Material, das Target, beschleunigt. Zus\u00e4tzlich k\u00f6nnen reaktive Gase wie Sauerstoff oder Stickstoff dem Prozess hinzugef\u00fcgt werden, um Mischphasen wie bspw. Al<sub>2<\/sub>O<sub>3<\/sub>\u00a0oder TiN zu synthetisieren. Impuls- und Energie\u00fcbertragung von ionisierten Gasspezies k\u00f6nnen zum Aussto\u00dfen von Targetatomen f\u00fchren, dem so genannten Sputterprozess. Abh\u00e4ngig von der anf\u00e4nglichen Energie der ionisierten Gasspezies k\u00f6nnen gesputterte Teilchen als Neutralteilchen oder als ebenfalls ionisierte Teilchen vorliegen. Die Energetik der Neutralteilchen kann w\u00e4hrend des Gasphasentransports durch Kollisionen mit Gasatomen, deren Anzahl proportional zum Gasdruck ist, beeinflusst werden. Die Energetik der ionisierten Spezies kann zus\u00e4tzlich durch ein elektrisches Feld an der Probe, dem so genannten Bias-Potential, eingestellt werden. Durch gezieltes Einstellen der Energetik k\u00f6nnen schlie\u00dflich die Eigenschaften der D\u00fcnnschicht und letztendlich des Werkzeuges optimiert werden. Zu diesen Eigenschaften geh\u00f6ren D\u00fcnnschicht-Struktur, H\u00e4rte, Spannungen, Dichte und viele weitere.<\/p>\n<\/div>\n<div class=\"animate-box fadeInUp animated-fast\">\n<p>Die Verwendung verschiedener Leistungsversorgungen erm\u00f6glicht die Synthese von verschiedensten metallischen und keramischen Schichten sowie Verbundwerkstoffen einschlie\u00dflich leitender und isolierender Materialien. Zus\u00e4tzlich erm\u00f6glicht die direkte Beeinflussung der Teilchenenergetik signifikant geringere Prozesstemperaturen im Vergleich zu Standard-CVD (Chemische Gasphasenabscheidung)-Prozessen.<\/p>\n<\/div>\n<\/div>\n<p>[\/ld_fancy_heading][\/vc_accordion_tab][\/vc_accordion]<\/div><\/div><\/div><\/div><div data-vc-full-width=\"true\" data-vc-full-width-init=\"false\" class=\"vc_row wpb_row vc_row-fluid vc_column-gap-15\"><div class=\"wpb_column vc_column_container vc_col-sm-12\"><div class=\"vc_column-inner\"><div class=\"wpb_wrapper\"><div class=\"vc_row wpb_row vc_inner vc_row-fluid vc_column-gap-15\"><\/div><\/div><\/div><\/div><\/div><div class=\"vc_row-full-width vc_clearfix\"><\/div>\n","protected":false},"excerpt":{"rendered":"[ld_fancy_heading tag=\"h6\" transform=\"text-uppercase\" enable_bg=\"yes\" fh_border_radius=\"circle\" use_custom_fonts_title=\"true\" color=\"rgb(255, 255, 255)\" fs=\"text_small:13px\" fw=\"text_small:700\" ls=\"text_small:0.1em\" padding=\"top_small:5px|right_small:10px|bottom_small:5px|left_small:10px\" fh_bg=\"#00154c\" margin=\"bottom_small:1.5em\"]Advanced materials engineering[\/ld_fancy_heading][ld_fancy_heading use_custom_fonts_title=\"true\" color=\"rgb(255, 255, 255)\" fs=\"text_medium:70px\" lh=\"text_small:1em\" fw=\"text_small:500\" margin=\"bottom_small:0.3em\"]Technologie[\/ld_fancy_heading][ld_fancy_heading tag=\"h2\" use_custom_fonts_title=\"true\" fs=\"text_large:50px|text_medium:35px|text_small:33px\" lh=\"text_small:1.1em\"]DIE PVD-TECHNOLOGIE[\/ld_fancy_heading][ld_fancy_heading tag=\"p\" use_custom_fonts_title=\"true\" fs=\"text_small:16px\" lh=\"text_small:1.25em\" color=\"rgb(0, 0, 0)\" margin=\"bottom_small:1.25em\"]Die Abk\u00fcrzung PVD steht f\u00fcr physikalische Gasphasenabscheidung (Physical Vapor Deposition), bei welcher die Oberfl\u00e4chen vorwiegend metallischer oder keramischer [...]","protected":false},"author":1,"featured_media":0,"parent":0,"menu_order":0,"comment_status":"closed","ping_status":"closed","template":"","meta":{"_monsterinsights_skip_tracking":false,"_monsterinsights_sitenote_active":false,"_monsterinsights_sitenote_note":"","_monsterinsights_sitenote_category":0,"footnotes":""},"class_list":["post-4442","page","type-page","status-publish","hentry"],"_links":{"self":[{"href":"https:\/\/kcs-europe.com\/en\/wp-json\/wp\/v2\/pages\/4442","targetHints":{"allow":["GET"]}}],"collection":[{"href":"https:\/\/kcs-europe.com\/en\/wp-json\/wp\/v2\/pages"}],"about":[{"href":"https:\/\/kcs-europe.com\/en\/wp-json\/wp\/v2\/types\/page"}],"author":[{"embeddable":true,"href":"https:\/\/kcs-europe.com\/en\/wp-json\/wp\/v2\/users\/1"}],"replies":[{"embeddable":true,"href":"https:\/\/kcs-europe.com\/en\/wp-json\/wp\/v2\/comments?post=4442"}],"version-history":[{"count":0,"href":"https:\/\/kcs-europe.com\/en\/wp-json\/wp\/v2\/pages\/4442\/revisions"}],"wp:attachment":[{"href":"https:\/\/kcs-europe.com\/en\/wp-json\/wp\/v2\/media?parent=4442"}],"curies":[{"name":"wp","href":"https:\/\/api.w.org\/{rel}","templated":true}]}}