{"id":4382,"date":"2020-11-19T14:04:24","date_gmt":"2020-11-19T14:04:24","guid":{"rendered":"https:\/\/asymmetric-businesspro.liquid-themes.com\/?page_id=4382"},"modified":"2022-01-03T19:13:29","modified_gmt":"2022-01-03T18:13:29","slug":"vision","status":"publish","type":"page","link":"https:\/\/kcs-europe.com\/en\/vision\/","title":{"rendered":"Vision"},"content":{"rendered":"<div id=\"lqd-features\" class=\"vc_row wpb_row vc_row-fluid vc_custom_1626872667276 vc_row-has-fill vc_column-gap-15 vc_row-o-equal-height vc_row-o-content-middle vc_row-flex\"><div data-vc-parallax=\"\" class=\"wpb_column vc_column_container vc_col-sm-12 vc_col-lg-6 vc_col-md-7 vc_col-has-fill vc_general vc_parallax vc_parallax-yes\"><div class=\"vc_column-inner\"><div class=\"wpb_wrapper\">[ld_fancy_heading tag=&#8221;h6&#8243; transform=&#8221;text-uppercase&#8221; enable_bg=&#8221;yes&#8221; fh_border_radius=&#8221;semi-round&#8221; use_custom_fonts_title=&#8221;true&#8221; color=&#8221;rgb(255, 255, 255)&#8221; fs=&#8221;text_small:13px&#8221; fw=&#8221;text_small:700&#8243; ls=&#8221;text_small:.1em&#8221; padding=&#8221;top_small:5px|right_small:10px|bottom_small:5px|left_small:10px&#8221; fh_bg=&#8221;rgb(38, 170, 112)&#8221; margin=&#8221;bottom_small:1.5em&#8221;]Vision &amp; Werte[\/ld_fancy_heading][ld_tabs style=&#8221;style03&#8243; nav_alignment=&#8221;justify-content-md-start&#8221; tab_trigger=&#8221;hover&#8221; use_custom_fonts_nav=&#8221;true&#8221; text_color=&#8221;rgb(132, 141, 156)&#8221; fs=&#8221;18px&#8221; lh=&#8221;0.5em&#8221; primary_hcolor=&#8221;rgb(38, 170, 112)&#8221; primary_color=&#8221;rgba(255, 255, 255, 0)&#8221; fw=&#8221;400&#8243; ls=&#8221;0.01em&#8221;][ld_tab_section title=&#8221;Unsere Mission&#8221; tab_id=&#8221;lqd-1595933910664-4cabc592-ea1ede1f-d1e3&#8243;]<div class=\"vc_row wpb_row vc_inner vc_row-fluid vc_column-gap-15 vc_row-o-content-middle vc_row-flex\"><div class=\"wpb_column vc_column_container vc_col-sm-12\"><div class=\"vc_column-inner\"><div class=\"wpb_wrapper\">[ld_fancy_heading tag=&#8221;h2&#8243; use_custom_fonts_title=&#8221;true&#8221; fs=&#8221;text_medium:52px|text_small:44px&#8221; margin=&#8221;bottom_small:0.35em&#8221;]Unsere Mission[\/ld_fancy_heading][ld_fancy_heading tag=&#8221;p&#8221; use_custom_fonts_title=&#8221;true&#8221; fs=&#8221;text_small:19px&#8221; margin=&#8221;bottom_small:1.5em&#8221; lh=&#8221;text_small:27px&#8221;]Wir leben in einer Welt, die dringend Nachhaltigkeit braucht, sodass auch zuk\u00fcnftige Generationen ein Leben f\u00fchren k\u00f6nnen, das sich zu leben lohnt. Unseren Beitrag dazu leisten wir, indem wir immer umweltfreundlichere Prozesse implementieren und Beschichtungen entwickeln, welche letztendlich die Lebensspanne von Komponenten und Werkzeugen erh\u00f6hen \u2013 denn nur so k\u00f6nnen die Umweltbelastungen vermindert und Ressourcen geschont werden.[\/ld_fancy_heading]<\/div><\/div><\/div><\/div>[\/ld_tab_section][ld_tab_section title=&#8221;Unsere Vision&#8221; tab_id=&#8221;lqd-1573138643738-900ac3c4-91a8de1f-d1e3&#8243;]<div class=\"vc_row wpb_row vc_inner vc_row-fluid vc_column-gap-15 vc_row-o-content-middle vc_row-flex\"><div class=\"wpb_column vc_column_container vc_col-sm-12\"><div class=\"vc_column-inner\"><div class=\"wpb_wrapper\">[ld_fancy_heading tag=&#8221;h2&#8243; use_custom_fonts_title=&#8221;true&#8221; fs=&#8221;text_large:52px|text_medium:44px|text_small:38px&#8221; margin=&#8221;bottom_small:0.35em&#8221;]Unsere Vision[\/ld_fancy_heading][ld_fancy_heading tag=&#8221;p&#8221; use_custom_fonts_title=&#8221;true&#8221; fs=&#8221;text_small:19px&#8221; margin=&#8221;bottom_small:1.5em&#8221; lh=&#8221;text_small:27px&#8221;]Unsere Vision ist es, individuelle Beschichtungen f\u00fcr alle Anwendungsbereiche zu entwickeln und so weiterhin als die \u201eProbleml\u00f6ser\u201c der Beschichtungsbranche zu gelten. Optimale Beschichtungsl\u00f6sungen f\u00fcr Unternehmen mit allen Anwendungszwecken \u2013 daf\u00fcr m\u00f6chten wir auch weiterhin stehen.[\/ld_fancy_heading]<\/div><\/div><\/div><\/div>[\/ld_tab_section][\/ld_tabs]<\/div><\/div><\/div><div data-vc-parallax=\"\" class=\"wpb_column vc_column_container vc_col-sm-12 vc_col-lg-offset-1 vc_col-lg-5 vc_col-md-5 vc_col-has-fill vc_general vc_parallax vc_parallax-yes\"><div class=\"vc_column-inner vc_custom_1626872738858\"><div class=\"wpb_wrapper\">\n\t<div  class=\"wpb_single_image wpb_content_element vc_align_  liquid_vc_single_image-69daebaf6bcbf\">\n\t\t\n\t\t<figure class=\"wpb_wrapper vc_figure\">\n\t\t\t<div class=\"vc_single_image-wrapper    vc_custom_1631280694195\"><img decoding=\"async\" width=\"1200\" height=\"800\" src=\"https:\/\/kcs-europe.com\/wp-content\/uploads\/2021\/09\/DSCF8689.jpg\" class=\"vc_single_image-img attachment-full\" alt=\"\" title=\"DSCF8689\" srcset=\"https:\/\/kcs-europe.com\/wp-content\/uploads\/2021\/09\/DSCF8689.jpg 1200w, https:\/\/kcs-europe.com\/wp-content\/uploads\/2021\/09\/DSCF8689-300x200.jpg 300w, https:\/\/kcs-europe.com\/wp-content\/uploads\/2021\/09\/DSCF8689-1024x683.jpg 1024w, https:\/\/kcs-europe.com\/wp-content\/uploads\/2021\/09\/DSCF8689-18x12.jpg 18w\" sizes=\"(max-width: 1200px) 100vw, 1200px\" itemprop=\"image\" \/><\/div>\n\t\t<\/figure>\n\t<\/div>\n<\/div><\/div><\/div><\/div><div class=\"vc_row wpb_row vc_row-fluid vc_custom_1635425035981 vc_column-gap-15\"><div class=\"wpb_column vc_column_container vc_col-sm-12 vc_col-md-12\"><div class=\"vc_column-inner\"><div class=\"wpb_wrapper\">[ld_fancy_heading tag=&#8221;h2&#8243; use_custom_fonts_title=&#8221;true&#8221; fs=&#8221;text_medium:70px|text_small:25px&#8221; lh=&#8221;text_small:1em&#8221; margin=&#8221;bottom_small:0.25em&#8221;]<\/p>\n<h2 class=\"animate-box fadeInUp animated-fast\">Unsere Unternehmensphilosophie<\/h2>\n<p>[\/ld_fancy_heading][ld_fancy_heading tag=&#8221;p&#8221; use_custom_fonts_title=&#8221;true&#8221; fs=&#8221;text_small:19px&#8221; lh=&#8221;text_small:1.315em&#8221; padding=&#8221;right_all:15%25&#8243;]Die heutige Gesellschaft steht vor gewaltigen Herausforderungen, welche nicht alleine durch die Politik bew\u00e4ltigt werden k\u00f6nnen. Stattdessen m\u00fcssen Politik, Wirtschaft und Zivilgesellschaft zusammenwirken und sich gesamtgesellschaftlich anstrengen, um Erfolge erzielen zu k\u00f6nnen. Daher sind auch wir als Unternehmen uns unserer gesellschaftlichen Verantwortung bewusst, welche sich nicht zuletzt auf unsere Kunden, Mitarbeiter und Lieferanten, jedoch auch auf die gesamte Region und Umwelt bezieht. Denn gerade durch unseren in- und ausl\u00e4ndischen Einfluss k\u00f6nnen wir einen wesentlichen Beitrag dazu liefern, die Welt ein St\u00fcck besser zu machen. Unsere Unternehmensstrategie betreffend haben wir daher Leitlinien formuliert, welchen wir uns tagt\u00e4glich verpflichtet f\u00fchlen.[\/ld_fancy_heading]<\/div><\/div><\/div><\/div><div class=\"vc_row wpb_row vc_row-fluid vc_row-o-equal-height vc_row-o-content-middle vc_row-flex\"><div data-vc-parallax=\"\" class=\"wpb_column vc_column_container vc_col-sm-7 vc_col-has-fill vc_general vc_parallax vc_parallax-yes\"><div class=\"vc_column-inner vc_custom_1641233606800\"><div class=\"wpb_wrapper\"><\/div><\/div><\/div><div class=\"wpb_column vc_column_container vc_col-sm-5 vc_col-has-fill\"><div class=\"vc_column-inner vc_custom_1605866388558\"><div class=\"wpb_wrapper\">[ld_fancy_heading tag=&#8221;p&#8221; use_custom_fonts_title=&#8221;true&#8221; fs=&#8221;text_small:16px&#8221; lh=&#8221;text_small:1.5em&#8221;]Der Aspekt der\u00a0<strong>Nachhaltigkeit<\/strong>\u00a0bestimmt unser Denken gleich in zweifacher Weise: Erstens entwickeln und konstruieren wir unsere Beschichtungsl\u00f6sungen stets unter dem Aspekt des Umweltschutzes. So k\u00f6nnen wir den Verbrauch von Ressourcen und den Aussto\u00df von Abgasen stetig verringern sowie die Nutzungsdauer unserer Maschinen erheblich steigern. Zweitens leisten wir vor dem Hintergrund der Nachhaltigkeit mit unseren Beschichtungsanlagen einen weiteren Mehrwert: Denn durch unsere qualitativ hochwertigen und innovativen Beschichtungen verleihen wir den Werkzeugen und Komponenten unserer Kunden letztendlich ein vielfach verl\u00e4ngertes Leben. So wird die Produktion neuer und die Entsorgung alter Produkte gesenkt sowie die Nutzung und das Recycling der aktuellen Produkte gef\u00f6rdert.[\/ld_fancy_heading]<\/div><\/div><\/div><\/div><div class=\"vc_row wpb_row vc_row-fluid vc_row-o-equal-height vc_row-flex\"><div class=\"wpb_column vc_column_container vc_col-sm-7 vc_col-has-fill\"><div class=\"vc_column-inner vc_custom_1605862055966\"><div class=\"wpb_wrapper\"><div class=\"vc_row wpb_row vc_inner vc_row-fluid vc_custom_1605861706719 vc_column-gap-15\"><div class=\"wpb_column vc_column_container vc_col-sm-12\"><div class=\"vc_column-inner\"><div class=\"wpb_wrapper\">[ld_fancy_heading tag=&#8221;h4&#8243;]Doch auch die\u00a0<strong>Verantwortung<\/strong>\u00a0gegen\u00fcber unseren Mitarbeitern und Kunden steht bei uns an erster Stelle. Daher definieren wir uns \u00fcber die folgenden Werte:[\/ld_fancy_heading][ld_fancy_heading tag=&#8221;h3&#8243;]<\/p>\n<h3 class=\"animate-box fadeInUp animated-fast\"><strong>Unterst\u00fctzung &amp; Akzeptanz<\/strong><\/h3>\n<p>Bei KCS Europe besch\u00e4ftigen wir Mitarbeiter aller Altersklassen und aus einer Vielzahl unterschiedlicher Herkunftsl\u00e4nder. Durch die Akzeptanz und den Respekt der Vielfalt in Bezug auf das Alter, die Herkunft, aber auch der Meinungen und Ideen gelingt es uns, offen f\u00fcr Neues zu bleiben und auch unkonventionelle Ideen zu gro\u00dfartigen Innovationen zu entwickeln. Auch f\u00f6rdern wir die Gesundheit unserer Mitarbeiter durch Sportangebote.[\/ld_fancy_heading]<\/div><\/div><\/div><\/div><div class=\"vc_row wpb_row vc_inner vc_row-fluid vc_custom_1605862068479 vc_row-has-fill vc_row-o-equal-height vc_row-o-content-middle vc_row-flex\"><div class=\"wpb_column vc_column_container vc_col-sm-6 vc_col-has-fill\"><div class=\"vc_column-inner vc_custom_1631280841550\"><div class=\"wpb_wrapper\"><\/div><\/div><\/div><div class=\"wpb_column vc_column_container vc_col-sm-6\"><div class=\"vc_column-inner vc_custom_1605861946359\"><div class=\"wpb_wrapper\">[ld_fancy_heading tag=&#8221;h2&#8243; use_custom_fonts_title=&#8221;true&#8221; fs=&#8221;text_small:27px&#8221; lh=&#8221;text_small:1em&#8221;]<\/p>\n<h3 class=\"animate-box fadeInUp animated-fast\"><strong>TEAM wird bei uns gro\u00dfgeschrieben<\/strong><\/h3>\n<p>Nur durch eine gute Zusammenarbeit aller Mitarbeiter k\u00f6nnen wir bedeutende Innovationen vorantreiben. Wir sind ein Team mit all unseren unterschiedlichen F\u00e4higkeiten, unserem Wissen und unseren Erfahrungen. Und gerade diese Kombination und das Teilen dieser Elemente macht unsere Arbeit aus.[\/ld_fancy_heading]<\/div><\/div><\/div><\/div><\/div><\/div><\/div><div data-vc-parallax=\"\" class=\"wpb_column vc_column_container vc_col-sm-5 vc_col-has-fill vc_general vc_parallax vc_parallax-yes\"><div class=\"vc_column-inner vc_custom_1626871954971\"><div class=\"wpb_wrapper\"><\/div><\/div><\/div><\/div><div class=\"vc_row wpb_row vc_row-fluid vc_row-o-equal-height vc_row-o-content-middle vc_row-flex\"><div class=\"wpb_column vc_column_container vc_col-sm-7 vc_col-has-fill\"><div class=\"vc_column-inner vc_custom_1626871174130\"><div class=\"wpb_wrapper\"><\/div><\/div><\/div><div class=\"wpb_column vc_column_container vc_col-sm-5 vc_col-has-fill\"><div class=\"vc_column-inner vc_custom_1626873375042\"><div class=\"wpb_wrapper\">[ld_fancy_heading tag=&#8221;p&#8221; color=&#8221;rgb(255, 255, 255)&#8221;]<\/p>\n<h3 class=\"animate-box fadeInUp animated-fast\"><span style=\"color: #ffffff;\"><strong>Begeisterung durch Gastfreundschaft &amp; Service<\/strong><\/span><\/h3>\n<p><span style=\"color: #ffffff;\">Neben unseren Mitarbeitern sind unsere Kunden unser wichtigstes Augenmerk. Wir arbeiten in enger Abstimmung mit unseren Kunden und suchen den Kontakt zu ihnen. Dabei sind richtiges Zuh\u00f6ren, offene Kommunikation, klare Erwartungen und Verantwortungsbewusstsein unsere wichtigsten Pr\u00e4missen.<\/span><\/p>\n<h3 class=\"animate-box fadeInUp animated-fast\"><span style=\"color: #ffffff;\"><strong>Offenheit gegen\u00fcber Neuem<\/strong><\/span><\/h3>\n<p><span style=\"color: #ffffff;\">Innovationskraft erfordert den Mut, neue Wege zu gehen und bestehende L\u00f6sungen zu hinterfragen. Wir denken unkonventionell, experimentieren gerne in unserer eigenen Forschungs- und Entwicklungsabteilung und arbeiten eng mit Forschungspartnern zusammen. Dazu geh\u00f6rt auch eine positive Fehlerkultur.<\/span>[\/ld_fancy_heading]<\/div><\/div><\/div><\/div><div class=\"vc_row wpb_row vc_row-fluid vc_row-o-content-middle vc_row-flex\"><div class=\"wpb_column vc_column_container vc_col-sm-12 vc_col-has-fill\"><div class=\"vc_column-inner vc_custom_1631281585160\"><div class=\"wpb_wrapper\">[ld_button style=&#8221;btn-solid&#8221; title=&#8221;Kontaktieren&#8221; border=&#8221;border-none&#8221; i_type=&#8221;linea&#8221; i_add_icon=&#8221;true&#8221; i_icon_linea=&#8221;lqd-icn-ess icon-ion-ios-arrow-forward&#8221; i_margin_left=&#8221;10vw&#8221; color=&#8221;#00154c&#8221; text_color=&#8221;rgb(255, 255, 255)&#8221; hover_color=&#8221;rgb(255, 255, 255)&#8221; htext_color=&#8221;#00baff&#8221; link=&#8221;url:https%3A%2F%2Fkcs-europe.com%2Fcontact%2F|title:Contact||&#8221;]<\/div><\/div><\/div><\/div>\n","protected":false},"excerpt":{"rendered":"[ld_fancy_heading tag=\"h6\" transform=\"text-uppercase\" enable_bg=\"yes\" fh_border_radius=\"semi-round\" use_custom_fonts_title=\"true\" color=\"rgb(255, 255, 255)\" fs=\"text_small:13px\" fw=\"text_small:700\" ls=\"text_small:.1em\" padding=\"top_small:5px|right_small:10px|bottom_small:5px|left_small:10px\" fh_bg=\"rgb(38, 170, 112)\" margin=\"bottom_small:1.5em\"]Vision &amp; Werte[\/ld_fancy_heading][ld_tabs style=\"style03\" nav_alignment=\"justify-content-md-start\" tab_trigger=\"hover\" use_custom_fonts_nav=\"true\" text_color=\"rgb(132, 141, 156)\" fs=\"18px\" lh=\"0.5em\" primary_hcolor=\"rgb(38, 170, 112)\" primary_color=\"rgba(255, 255, 255, 0)\" fw=\"400\" ls=\"0.01em\"][ld_tab_section title=\"Unsere Mission\" tab_id=\"lqd-1595933910664-4cabc592-ea1ede1f-d1e3\"][ld_fancy_heading tag=\"h2\" use_custom_fonts_title=\"true\" fs=\"text_medium:52px|text_small:44px\" margin=\"bottom_small:0.35em\"]Unsere Mission[\/ld_fancy_heading][ld_fancy_heading tag=\"p\" use_custom_fonts_title=\"true\" fs=\"text_small:19px\" margin=\"bottom_small:1.5em\" lh=\"text_small:27px\"]Wir leben in einer Welt, die [...]","protected":false},"author":1,"featured_media":0,"parent":0,"menu_order":0,"comment_status":"closed","ping_status":"closed","template":"","meta":{"_monsterinsights_skip_tracking":false,"_monsterinsights_sitenote_active":false,"_monsterinsights_sitenote_note":"","_monsterinsights_sitenote_category":0,"footnotes":""},"class_list":["post-4382","page","type-page","status-publish","hentry"],"_links":{"self":[{"href":"https:\/\/kcs-europe.com\/en\/wp-json\/wp\/v2\/pages\/4382","targetHints":{"allow":["GET"]}}],"collection":[{"href":"https:\/\/kcs-europe.com\/en\/wp-json\/wp\/v2\/pages"}],"about":[{"href":"https:\/\/kcs-europe.com\/en\/wp-json\/wp\/v2\/types\/page"}],"author":[{"embeddable":true,"href":"https:\/\/kcs-europe.com\/en\/wp-json\/wp\/v2\/users\/1"}],"replies":[{"embeddable":true,"href":"https:\/\/kcs-europe.com\/en\/wp-json\/wp\/v2\/comments?post=4382"}],"version-history":[{"count":0,"href":"https:\/\/kcs-europe.com\/en\/wp-json\/wp\/v2\/pages\/4382\/revisions"}],"wp:attachment":[{"href":"https:\/\/kcs-europe.com\/en\/wp-json\/wp\/v2\/media?parent=4382"}],"curies":[{"name":"wp","href":"https:\/\/api.w.org\/{rel}","templated":true}]}}